{"id":1095,"date":"2017-09-28T09:03:44","date_gmt":"2017-09-28T09:03:44","guid":{"rendered":"http:\/\/iplaz.pt\/?page_id=1095"},"modified":"2025-06-11T20:20:05","modified_gmt":"2025-06-11T20:20:05","slug":"mobiliario","status":"publish","type":"page","link":"https:\/\/iplaz.pt\/en\/mobiliario\/","title":{"rendered":"Furniture"},"content":{"rendered":"<p class=\"qtranxs-available-languages-message qtranxs-available-languages-message-en\">Sorry, this entry is only available in <a href=\"https:\/\/iplaz.pt\/pt\/wp-json\/wp\/v2\/pages\/1095\" class=\"qtranxs-available-language-link qtranxs-available-language-link-pt\" title=\"Portugu\u00eas\">Portugu\u00eas<\/a> and <a href=\"https:\/\/iplaz.pt\/es\/wp-json\/wp\/v2\/pages\/1095\" class=\"qtranxs-available-language-link qtranxs-available-language-link-es\" title=\"Espa\u00f1ol\">Espa\u00f1ol<\/a>.<\/p>","protected":false},"excerpt":{"rendered":"<p>Sorry, this entry is only available in Portugu\u00eas and Espa\u00f1ol.<\/p>\n","protected":false},"author":4,"featured_media":0,"parent":0,"menu_order":0,"comment_status":"closed","ping_status":"closed","template":"","meta":{"_et_pb_use_builder":"on","_et_pb_old_content":"","footnotes":""},"class_list":["post-1095","page","type-page","status-publish","hentry"],"yoast_head":"<!-- This site is optimized with the Yoast SEO plugin v25.3.1 - https:\/\/yoast.com\/wordpress\/plugins\/seo\/ -->\n<title>Mobili\u00e1rio<\/title>\n<meta name=\"robots\" content=\"index, follow, max-snippet:-1, max-image-preview:large, max-video-preview:-1\" \/>\n<link rel=\"canonical\" href=\"https:\/\/iplaz.pt\/mobiliario\/\" \/>\n<meta property=\"og:locale\" content=\"en_US\" \/>\n<meta property=\"og:type\" content=\"article\" \/>\n<meta property=\"og:title\" content=\"Mobili\u00e1rio\" \/>\n<meta property=\"og:description\" content=\"Sorry, this entry is only available in Portugu\u00eas and Espa\u00f1ol.\" \/>\n<meta property=\"og:url\" content=\"https:\/\/iplaz.pt\/mobiliario\/\" \/>\n<meta property=\"og:site_name\" content=\"Iplaz\" \/>\n<meta property=\"article:publisher\" content=\"https:\/\/www.facebook.com\/iplazpt\/\" \/>\n<meta property=\"article:modified_time\" content=\"2025-06-11T20:20:05+00:00\" \/>\n<meta property=\"og:image\" content=\"https:\/\/iplaz.pt\/wp-content\/uploads\/2017\/01\/Untitled-1.jpg\" \/>\n<meta name=\"twitter:card\" content=\"summary_large_image\" \/>\n<meta name=\"twitter:label1\" content=\"Est. reading time\" \/>\n\t<meta name=\"twitter:data1\" content=\"1 minute\" \/>\n<script type=\"application\/ld+json\" class=\"yoast-schema-graph\">{\"@context\":\"https:\/\/schema.org\",\"@graph\":[{\"@type\":\"WebPage\",\"@id\":\"https:\/\/iplaz.pt\/mobiliario\/\",\"url\":\"https:\/\/iplaz.pt\/mobiliario\/\",\"name\":\"Mobili\u00e1rio\",\"isPartOf\":{\"@id\":\"https:\/\/iplaz.pt\/#website\"},\"primaryImageOfPage\":{\"@id\":\"https:\/\/iplaz.pt\/mobiliario\/#primaryimage\"},\"image\":{\"@id\":\"https:\/\/iplaz.pt\/mobiliario\/#primaryimage\"},\"thumbnailUrl\":\"https:\/\/iplaz.pt\/wp-content\/uploads\/2017\/01\/Untitled-1.jpg\",\"datePublished\":\"2017-09-28T09:03:44+00:00\",\"dateModified\":\"2025-06-11T20:20:05+00:00\",\"breadcrumb\":{\"@id\":\"https:\/\/iplaz.pt\/mobiliario\/#breadcrumb\"},\"inLanguage\":\"en-US\",\"potentialAction\":[{\"@type\":\"ReadAction\",\"target\":[\"https:\/\/iplaz.pt\/mobiliario\/\"]}]},{\"@type\":\"ImageObject\",\"inLanguage\":\"en-US\",\"@id\":\"https:\/\/iplaz.pt\/mobiliario\/#primaryimage\",\"url\":\"https:\/\/iplaz.pt\/wp-content\/uploads\/2017\/01\/Untitled-1.jpg\",\"contentUrl\":\"https:\/\/iplaz.pt\/wp-content\/uploads\/2017\/01\/Untitled-1.jpg\"},{\"@type\":\"BreadcrumbList\",\"@id\":\"https:\/\/iplaz.pt\/mobiliario\/#breadcrumb\",\"itemListElement\":[{\"@type\":\"ListItem\",\"position\":1,\"name\":\"In\u00edcio\",\"item\":\"https:\/\/iplaz.pt\/\"},{\"@type\":\"ListItem\",\"position\":2,\"name\":\"Mobili\u00e1rio\"}]},{\"@type\":\"WebSite\",\"@id\":\"https:\/\/iplaz.pt\/#website\",\"url\":\"https:\/\/iplaz.pt\/\",\"name\":\"Iplaz\",\"description\":\"Plastifica\u00e7\u00e3o\",\"potentialAction\":[{\"@type\":\"SearchAction\",\"target\":{\"@type\":\"EntryPoint\",\"urlTemplate\":\"https:\/\/iplaz.pt\/?s={search_term_string}\"},\"query-input\":{\"@type\":\"PropertyValueSpecification\",\"valueRequired\":true,\"valueName\":\"search_term_string\"}}],\"inLanguage\":\"en-US\"}]}<\/script>\n<!-- \/ Yoast SEO plugin. -->","yoast_head_json":{"title":"Mobili\u00e1rio","robots":{"index":"index","follow":"follow","max-snippet":"max-snippet:-1","max-image-preview":"max-image-preview:large","max-video-preview":"max-video-preview:-1"},"canonical":"https:\/\/iplaz.pt\/mobiliario\/","og_locale":"en_US","og_type":"article","og_title":"Mobili\u00e1rio","og_description":"Sorry, this entry is only available in Portugu\u00eas and Espa\u00f1ol.","og_url":"https:\/\/iplaz.pt\/mobiliario\/","og_site_name":"Iplaz","article_publisher":"https:\/\/www.facebook.com\/iplazpt\/","article_modified_time":"2025-06-11T20:20:05+00:00","og_image":[{"url":"https:\/\/iplaz.pt\/wp-content\/uploads\/2017\/01\/Untitled-1.jpg","type":"","width":"","height":""}],"twitter_card":"summary_large_image","twitter_misc":{"Est. reading time":"1 minute"},"schema":{"@context":"https:\/\/schema.org","@graph":[{"@type":"WebPage","@id":"https:\/\/iplaz.pt\/mobiliario\/","url":"https:\/\/iplaz.pt\/mobiliario\/","name":"Mobili\u00e1rio","isPartOf":{"@id":"https:\/\/iplaz.pt\/#website"},"primaryImageOfPage":{"@id":"https:\/\/iplaz.pt\/mobiliario\/#primaryimage"},"image":{"@id":"https:\/\/iplaz.pt\/mobiliario\/#primaryimage"},"thumbnailUrl":"https:\/\/iplaz.pt\/wp-content\/uploads\/2017\/01\/Untitled-1.jpg","datePublished":"2017-09-28T09:03:44+00:00","dateModified":"2025-06-11T20:20:05+00:00","breadcrumb":{"@id":"https:\/\/iplaz.pt\/mobiliario\/#breadcrumb"},"inLanguage":"en-US","potentialAction":[{"@type":"ReadAction","target":["https:\/\/iplaz.pt\/mobiliario\/"]}]},{"@type":"ImageObject","inLanguage":"en-US","@id":"https:\/\/iplaz.pt\/mobiliario\/#primaryimage","url":"https:\/\/iplaz.pt\/wp-content\/uploads\/2017\/01\/Untitled-1.jpg","contentUrl":"https:\/\/iplaz.pt\/wp-content\/uploads\/2017\/01\/Untitled-1.jpg"},{"@type":"BreadcrumbList","@id":"https:\/\/iplaz.pt\/mobiliario\/#breadcrumb","itemListElement":[{"@type":"ListItem","position":1,"name":"In\u00edcio","item":"https:\/\/iplaz.pt\/"},{"@type":"ListItem","position":2,"name":"Mobili\u00e1rio"}]},{"@type":"WebSite","@id":"https:\/\/iplaz.pt\/#website","url":"https:\/\/iplaz.pt\/","name":"Iplaz","description":"Plastifica\u00e7\u00e3o","potentialAction":[{"@type":"SearchAction","target":{"@type":"EntryPoint","urlTemplate":"https:\/\/iplaz.pt\/?s={search_term_string}"},"query-input":{"@type":"PropertyValueSpecification","valueRequired":true,"valueName":"search_term_string"}}],"inLanguage":"en-US"}]}},"_links":{"self":[{"href":"https:\/\/iplaz.pt\/en\/wp-json\/wp\/v2\/pages\/1095","targetHints":{"allow":["GET"]}}],"collection":[{"href":"https:\/\/iplaz.pt\/en\/wp-json\/wp\/v2\/pages"}],"about":[{"href":"https:\/\/iplaz.pt\/en\/wp-json\/wp\/v2\/types\/page"}],"author":[{"embeddable":true,"href":"https:\/\/iplaz.pt\/en\/wp-json\/wp\/v2\/users\/4"}],"replies":[{"embeddable":true,"href":"https:\/\/iplaz.pt\/en\/wp-json\/wp\/v2\/comments?post=1095"}],"version-history":[{"count":6,"href":"https:\/\/iplaz.pt\/en\/wp-json\/wp\/v2\/pages\/1095\/revisions"}],"predecessor-version":[{"id":1366,"href":"https:\/\/iplaz.pt\/en\/wp-json\/wp\/v2\/pages\/1095\/revisions\/1366"}],"wp:attachment":[{"href":"https:\/\/iplaz.pt\/en\/wp-json\/wp\/v2\/media?parent=1095"}],"curies":[{"name":"wp","href":"https:\/\/api.w.org\/{rel}","templated":true}]}}