{"id":15,"date":"2016-10-24T10:54:46","date_gmt":"2016-10-24T10:54:46","guid":{"rendered":"http:\/\/iplaz.pt\/?page_id=15"},"modified":"2019-02-27T14:14:58","modified_gmt":"2019-02-27T14:14:58","slug":"responsabilidade-social","status":"publish","type":"page","link":"https:\/\/iplaz.pt\/en\/responsabilidade-social\/","title":{"rendered":"Social Responsibility"},"content":{"rendered":"<div id=\"pl-15\"  class=\"panel-layout\" ><div id=\"pg-15-0\"  class=\"panel-grid panel-no-style\" ><div id=\"pgc-15-0-0\"  class=\"panel-grid-cell\" ><div id=\"panel-15-0-0-0\" class=\"so-panel widget widget_sow-editor panel-first-child panel-last-child\" data-index=\"0\" ><div\n\t\t\t\n\t\t\tclass=\"so-widget-sow-editor so-widget-sow-editor-base\"\n\t\t\t\n\t\t>\n<div class=\"siteorigin-widget-tinymce textwidget\">\n\t<p style=\"font-family: helvetica; text-align: justify;\">A consci\u00eancia ambiental est\u00e1 sempre presente, com a utiliza\u00e7\u00e3o de contentores de separa\u00e7\u00e3o dos lixos, recolha de \u00f3leos e lubrificantes feita pelas entidades certificadas e uma \u00e1rea dedicada \u00e0 reciclagem dos pl\u00e1sticos, evitando desperd\u00edcios.<\/p>\n<p style=\"font-family: helvetica; text-align: justify;\">Com uma participa\u00e7\u00e3o social ativa, apoiamos entidades do meio envolvente da empresa, entre elas: Lar Pinto de Carvalho, AJUDEF, ROTARY de Oliveira de Azem\u00e9is, Sporting Clube de Bustelo e as corpora\u00e7\u00f5es de Bombeiros do Concelho de Oliveira de Azem\u00e9is.<\/p>\n<p><span style=\"font-family: helvetica; text-align: justify; font-size: small;\">Promovendo um padr\u00e3o \u00e9tico de neg\u00f3cio socialmente respons\u00e1vel, adotamos os requisitos da Norma SA 8000:<\/span><\/p>\n<p><span style=\"font-family: helvetica; text-align: justify; font-size: small;\">Trabalho infantil: com <u>Procedimento de Repara\u00e7\u00e3o de Trabalho Infantil (<a href=\"https:\/\/iplaz.pt\/wp-content\/uploads\/2016\/10\/PR.06.01-Procedimento-Repara\u00e7\u00e3o-de-Trabalho-Infantil.pdf\"><span style=\"color: orange;\">Ver PDF<\/span><\/a>)<\/u>, Trabalho For\u00e7ado e Compuls\u00f3rio, Seguran\u00e7a e Sa\u00fade, Liberdade de Associa\u00e7\u00e3o e Direito \u00e0 Negocia\u00e7\u00e3o Coletiva, Discrimina\u00e7\u00e3o, Pr\u00e1ticas Disciplinares, Hor\u00e1rio de Trabalho, Remunera\u00e7\u00e3o, Sistemas de Gest\u00e3o.<\/span><\/p>\n<p>&nbsp;<\/p>\n<p>[wordpress_file_upload singlebutton=\"true\" fitmode=\"responsive\" uploadtitle=\"Envie-nos o seu CV\" selectbutton=\"Escolher Ficheiro\" successmessage=\"Ficheiro %filename% carregado com sucesso\" warningmessage=\"Ficheiro %filename% carregado mas com avisos\" errormessage=\"Ficheiro %filename% n\u00e3o carregado\" waitmessage=\"Ficheiro %filename% em carregamento\"]<\/p>\n<\/div>\n<\/div><\/div><\/div><\/div><\/div>","protected":false},"excerpt":{"rendered":"<p>A consci\u00eancia ambiental est\u00e1 sempre presente, com a utiliza\u00e7\u00e3o de contentores de separa\u00e7\u00e3o dos lixos, recolha de \u00f3leos e lubrificantes feita pelas entidades certificadas e uma \u00e1rea dedicada \u00e0 reciclagem dos pl\u00e1sticos, evitando desperd\u00edcios. Com uma participa\u00e7\u00e3o social ativa, apoiamos entidades do meio envolvente da empresa, entre elas: Lar Pinto de Carvalho, AJUDEF, ROTARY de [&hellip;]<\/p>\n","protected":false},"author":4,"featured_media":0,"parent":0,"menu_order":0,"comment_status":"closed","ping_status":"closed","template":"","meta":{"_et_pb_use_builder":"","_et_pb_old_content":"","footnotes":""},"class_list":["post-15","page","type-page","status-publish","hentry"],"yoast_head":"<!-- This site is optimized with the Yoast SEO plugin v25.3.1 - https:\/\/yoast.com\/wordpress\/plugins\/seo\/ -->\n<title>Responsabilidade Social<\/title>\n<meta name=\"description\" content=\"A responsabilidade Social est\u00e1 sempre presente com a utiliza\u00e7\u00e3o de contentores de separa\u00e7\u00e3o dos lixos, recolha de \u00f3leos feita pelas entidades certificadas.\" \/>\n<meta name=\"robots\" content=\"index, follow, max-snippet:-1, max-image-preview:large, max-video-preview:-1\" \/>\n<link rel=\"canonical\" href=\"https:\/\/iplaz.pt\/responsabilidade-social\/\" \/>\n<meta property=\"og:locale\" content=\"en_US\" \/>\n<meta property=\"og:type\" content=\"article\" \/>\n<meta property=\"og:title\" content=\"Responsabilidade Social\" \/>\n<meta property=\"og:description\" content=\"A responsabilidade Social est\u00e1 sempre presente com a utiliza\u00e7\u00e3o de contentores de separa\u00e7\u00e3o dos lixos, recolha de \u00f3leos feita pelas entidades certificadas.\" \/>\n<meta property=\"og:url\" content=\"https:\/\/iplaz.pt\/responsabilidade-social\/\" \/>\n<meta property=\"og:site_name\" content=\"Iplaz\" \/>\n<meta property=\"article:publisher\" content=\"https:\/\/www.facebook.com\/iplazpt\/\" \/>\n<meta property=\"article:modified_time\" content=\"2019-02-27T14:14:58+00:00\" \/>\n<meta name=\"twitter:card\" content=\"summary_large_image\" \/>\n<meta name=\"twitter:label1\" content=\"Est. reading time\" \/>\n\t<meta name=\"twitter:data1\" content=\"1 minute\" \/>\n<script type=\"application\/ld+json\" class=\"yoast-schema-graph\">{\"@context\":\"https:\/\/schema.org\",\"@graph\":[{\"@type\":\"WebPage\",\"@id\":\"https:\/\/iplaz.pt\/responsabilidade-social\/\",\"url\":\"https:\/\/iplaz.pt\/responsabilidade-social\/\",\"name\":\"Responsabilidade Social\",\"isPartOf\":{\"@id\":\"https:\/\/iplaz.pt\/#website\"},\"datePublished\":\"2016-10-24T10:54:46+00:00\",\"dateModified\":\"2019-02-27T14:14:58+00:00\",\"description\":\"A responsabilidade Social est\u00e1 sempre presente com a utiliza\u00e7\u00e3o de contentores de separa\u00e7\u00e3o dos lixos, recolha de \u00f3leos feita pelas entidades certificadas.\",\"breadcrumb\":{\"@id\":\"https:\/\/iplaz.pt\/responsabilidade-social\/#breadcrumb\"},\"inLanguage\":\"en-US\",\"potentialAction\":[{\"@type\":\"ReadAction\",\"target\":[\"https:\/\/iplaz.pt\/responsabilidade-social\/\"]}]},{\"@type\":\"BreadcrumbList\",\"@id\":\"https:\/\/iplaz.pt\/responsabilidade-social\/#breadcrumb\",\"itemListElement\":[{\"@type\":\"ListItem\",\"position\":1,\"name\":\"In\u00edcio\",\"item\":\"https:\/\/iplaz.pt\/\"},{\"@type\":\"ListItem\",\"position\":2,\"name\":\"Responsabilidade Social\"}]},{\"@type\":\"WebSite\",\"@id\":\"https:\/\/iplaz.pt\/#website\",\"url\":\"https:\/\/iplaz.pt\/\",\"name\":\"Iplaz\",\"description\":\"Plastifica\u00e7\u00e3o\",\"potentialAction\":[{\"@type\":\"SearchAction\",\"target\":{\"@type\":\"EntryPoint\",\"urlTemplate\":\"https:\/\/iplaz.pt\/?s={search_term_string}\"},\"query-input\":{\"@type\":\"PropertyValueSpecification\",\"valueRequired\":true,\"valueName\":\"search_term_string\"}}],\"inLanguage\":\"en-US\"}]}<\/script>\n<!-- \/ Yoast SEO plugin. -->","yoast_head_json":{"title":"Responsabilidade Social","description":"A responsabilidade Social est\u00e1 sempre presente com a utiliza\u00e7\u00e3o de contentores de separa\u00e7\u00e3o dos lixos, recolha de \u00f3leos feita pelas entidades certificadas.","robots":{"index":"index","follow":"follow","max-snippet":"max-snippet:-1","max-image-preview":"max-image-preview:large","max-video-preview":"max-video-preview:-1"},"canonical":"https:\/\/iplaz.pt\/responsabilidade-social\/","og_locale":"en_US","og_type":"article","og_title":"Responsabilidade Social","og_description":"A responsabilidade Social est\u00e1 sempre presente com a utiliza\u00e7\u00e3o de contentores de separa\u00e7\u00e3o dos lixos, recolha de \u00f3leos feita pelas entidades certificadas.","og_url":"https:\/\/iplaz.pt\/responsabilidade-social\/","og_site_name":"Iplaz","article_publisher":"https:\/\/www.facebook.com\/iplazpt\/","article_modified_time":"2019-02-27T14:14:58+00:00","twitter_card":"summary_large_image","twitter_misc":{"Est. reading time":"1 minute"},"schema":{"@context":"https:\/\/schema.org","@graph":[{"@type":"WebPage","@id":"https:\/\/iplaz.pt\/responsabilidade-social\/","url":"https:\/\/iplaz.pt\/responsabilidade-social\/","name":"Responsabilidade Social","isPartOf":{"@id":"https:\/\/iplaz.pt\/#website"},"datePublished":"2016-10-24T10:54:46+00:00","dateModified":"2019-02-27T14:14:58+00:00","description":"A responsabilidade Social est\u00e1 sempre presente com a utiliza\u00e7\u00e3o de contentores de separa\u00e7\u00e3o dos lixos, recolha de \u00f3leos feita pelas entidades certificadas.","breadcrumb":{"@id":"https:\/\/iplaz.pt\/responsabilidade-social\/#breadcrumb"},"inLanguage":"en-US","potentialAction":[{"@type":"ReadAction","target":["https:\/\/iplaz.pt\/responsabilidade-social\/"]}]},{"@type":"BreadcrumbList","@id":"https:\/\/iplaz.pt\/responsabilidade-social\/#breadcrumb","itemListElement":[{"@type":"ListItem","position":1,"name":"In\u00edcio","item":"https:\/\/iplaz.pt\/"},{"@type":"ListItem","position":2,"name":"Responsabilidade Social"}]},{"@type":"WebSite","@id":"https:\/\/iplaz.pt\/#website","url":"https:\/\/iplaz.pt\/","name":"Iplaz","description":"Plastifica\u00e7\u00e3o","potentialAction":[{"@type":"SearchAction","target":{"@type":"EntryPoint","urlTemplate":"https:\/\/iplaz.pt\/?s={search_term_string}"},"query-input":{"@type":"PropertyValueSpecification","valueRequired":true,"valueName":"search_term_string"}}],"inLanguage":"en-US"}]}},"_links":{"self":[{"href":"https:\/\/iplaz.pt\/en\/wp-json\/wp\/v2\/pages\/15","targetHints":{"allow":["GET"]}}],"collection":[{"href":"https:\/\/iplaz.pt\/en\/wp-json\/wp\/v2\/pages"}],"about":[{"href":"https:\/\/iplaz.pt\/en\/wp-json\/wp\/v2\/types\/page"}],"author":[{"embeddable":true,"href":"https:\/\/iplaz.pt\/en\/wp-json\/wp\/v2\/users\/4"}],"replies":[{"embeddable":true,"href":"https:\/\/iplaz.pt\/en\/wp-json\/wp\/v2\/comments?post=15"}],"version-history":[{"count":72,"href":"https:\/\/iplaz.pt\/en\/wp-json\/wp\/v2\/pages\/15\/revisions"}],"predecessor-version":[{"id":1501,"href":"https:\/\/iplaz.pt\/en\/wp-json\/wp\/v2\/pages\/15\/revisions\/1501"}],"wp:attachment":[{"href":"https:\/\/iplaz.pt\/en\/wp-json\/wp\/v2\/media?parent=15"}],"curies":[{"name":"wp","href":"https:\/\/api.w.org\/{rel}","templated":true}]}}