{"id":635,"date":"2017-02-07T12:29:44","date_gmt":"2017-02-07T12:29:44","guid":{"rendered":"http:\/\/iplaz.pt\/?page_id=635"},"modified":"2024-10-20T19:54:33","modified_gmt":"2024-10-20T19:54:33","slug":"projeto-de-qualificacao","status":"publish","type":"page","link":"https:\/\/iplaz.pt\/en\/projeto-de-qualificacao\/","title":{"rendered":"(Portugu\u00eas) Projeto de Qualifica\u00e7\u00e3o"},"content":{"rendered":"<p>[et_pb_section fb_built=&#8221;1&#8243; _builder_version=&#8221;3.20.2&#8243;][et_pb_row _builder_version=&#8221;3.0.48&#8243; background_size=&#8221;initial&#8221; background_position=&#8221;top_left&#8221; background_repeat=&#8221;repeat&#8221;][et_pb_column type=&#8221;4_4&#8243; _builder_version=&#8221;3.0.47&#8243;][et_pb_image src=&#8221;https:\/\/iplaz.pt\/wp-content\/uploads\/2024\/10\/barra_compete2020_feder.jpg&#8221; _builder_version=&#8221;3.20.2&#8243;][\/et_pb_image][et_pb_text _builder_version=&#8221;3.0.74&#8243; background_size=&#8221;initial&#8221; background_position=&#8221;top_left&#8221; background_repeat=&#8221;repeat&#8221;]<\/p>\n<p style=\"font-family: helvetica; text-align: justify;\"><strong>Projeto SI Qualifica\u00e7\u00e3o<\/strong><\/p>\n<p><strong><span data-contrast=\"auto\" xml:lang=\"PT-PT\" lang=\"PT-PT\" class=\"TextRun SCXW39013265 BCX0\"><span class=\"NormalTextRun SCXW39013265 BCX0\">Projet<\/span><\/span><\/strong><strong style=\"font-size: 14px;\"><span data-contrast=\"auto\" xml:lang=\"PT-PT\" lang=\"PT-PT\" class=\"TextRun SCXW39013265 BCX0\"><span class=\"NormalTextRun SCXW39013265 BCX0\">o n.\u00ba<\/span><\/span><\/strong><span data-contrast=\"auto\" xml:lang=\"PT-PT\" lang=\"PT-PT\" class=\"TextRun SCXW39013265 BCX0\" style=\"font-size: 14px;\"><span class=\"NormalTextRun SCXW39013265 BCX0\">\u202fPOCI-02-0853-FEDER-013971<\/span><\/span><span class=\"EOP SCXW39013265 BCX0\" data-ccp-props=\"{&quot;335551550&quot;:6,&quot;335551620&quot;:6}\" style=\"font-size: 14px;\">\u00a0<\/span><\/p>\n<p><strong>Designa\u00e7\u00e3o do Projeto: <\/strong><span data-contrast=\"auto\" xml:lang=\"PT-PT\" lang=\"PT-PT\" class=\"TextRun SCXW172896240 BCX0\"><span class=\"NormalTextRun SCXW172896240 BCX0\">PROJETOS INDIVIDUAIS \u2013 QUALIFICA\u00c7\u00c3O das PME<\/span><\/span><span class=\"EOP SCXW172896240 BCX0\" data-ccp-props=\"{&quot;335551550&quot;:6,&quot;335551620&quot;:6}\">\u00a0<\/span><\/p>\n<p class=\"Normal tm5\"><strong><span class=\"tm7\">Apoio no \u00e2mbito do Sistemas de Incentivo:<\/span><\/strong><span class=\"tm6\"> <span data-contrast=\"auto\" xml:lang=\"PT-PT\" lang=\"PT-PT\" class=\"TextRun SCXW26913220 BCX0\"><span class=\"NormalTextRun SCXW26913220 BCX0\">Programa Operacional Competitividade e Internacionaliza\u00e7\u00e3o<\/span><\/span><\/span><\/p>\n<p class=\"Normal tm5\"><strong><span class=\"tm7\">Entidade Benefici\u00e1ria:<\/span><\/strong><span class=\"tm6\"> <span data-contrast=\"auto\" xml:lang=\"PT-PT\" lang=\"PT-PT\" class=\"TextRun SCXW168629496 BCX0\"><span class=\"NormalTextRun SCXW168629496 BCX0\">IPLAZ \u2013 Ind\u00fastria de Pl\u00e1sticos de Azem\u00e9is, SA<\/span><\/span><\/span><\/p>\n<p class=\"Normal tm5\"><span class=\"tm6\">\u00a0<\/span><\/p>\n<p class=\"Normal tm5\"><strong><span class=\"tm7\">Data de Aprova\u00e7\u00e3o:<\/span><\/strong><span class=\"tm6\"> 26\/01\/2016<\/span><\/p>\n<p class=\"Normal tm5\"><strong><span class=\"tm7\">Data de Inicio:<\/span><\/strong><span class=\"tm6\"> 15\/10\/2015<\/span><\/p>\n<p class=\"Normal tm5\"><strong><span class=\"tm7\">Data de conclus\u00e3o:<\/span><\/strong><span class=\"tm6\"> <span data-contrast=\"auto\" xml:lang=\"PT-PT\" lang=\"PT-PT\" class=\"TextRun SCXW191666417 BCX0\"><span class=\"NormalTextRun SCXW191666417 BCX0\">10<\/span><span class=\"NormalTextRun SCXW191666417 BCX0\">\/0<\/span><span class=\"NormalTextRun SCXW191666417 BCX0\">3<\/span><span class=\"NormalTextRun SCXW191666417 BCX0\">\/2017<\/span><\/span><span class=\"EOP SCXW191666417 BCX0\" data-ccp-props=\"{&quot;335551550&quot;:6,&quot;335551620&quot;:6}\">\u00a0<\/span><\/span><\/p>\n<p class=\"Normal tm5\"><strong><span class=\"tm7\">Custo Total Eleg\u00edvel:<\/span><\/strong><span class=\"tm6\"> <span data-contrast=\"auto\" xml:lang=\"PT-PT\" lang=\"PT-PT\" class=\"TextRun SCXW263396200 BCX0\"><span class=\"NormalTextRun SCXW263396200 BCX0\">164.413,20<\/span><\/span><\/span><span style=\"font-size: 14px;\">\u20ac<\/span><\/p>\n<p class=\"Normal tm5\"><strong><span data-contrast=\"auto\" xml:lang=\"PT-PT\" lang=\"PT-PT\" class=\"TextRun SCXW157332222 BCX0\"><span class=\"NormalTextRun SCXW157332222 BCX0\">Apoio Financeiro da EU:<\/span><\/span><\/strong><span data-contrast=\"auto\" xml:lang=\"PT-PT\" lang=\"PT-PT\" class=\"TextRun SCXW157332222 BCX0\"><span class=\"NormalTextRun SCXW157332222 BCX0\">\u202fFEDER \u2013 63.042<\/span><span class=\"NormalTextRun SCXW157332222 BCX0\">,<\/span><span class=\"NormalTextRun SCXW157332222 BCX0\">71<\/span><span class=\"NormalTextRun SCXW157332222 BCX0\"> <\/span><span class=\"NormalTextRun SCXW157332222 BCX0\">\u20ac; FSE \u2013 5.0125,00 \u20ac<\/span><\/span><span class=\"EOP SCXW157332222 BCX0\" data-ccp-props=\"{&quot;335551550&quot;:6,&quot;335551620&quot;:6}\">\u00a0<\/span><\/p>\n<p class=\"Normal tm5\"><strong><span data-contrast=\"auto\" xml:lang=\"PT-PT\" lang=\"PT-PT\" class=\"TextRun SCXW164623343 BCX0\"><span class=\"NormalTextRun SCXW164623343 BCX0\">Ap<\/span><\/span><\/strong><strong style=\"font-size: 14px;\"><span data-contrast=\"auto\" xml:lang=\"PT-PT\" lang=\"PT-PT\" class=\"TextRun SCXW164623343 BCX0\"><span class=\"NormalTextRun SCXW164623343 BCX0\">oio Financeiro P\u00fablico Nacional:<\/span><\/span><\/strong><span data-contrast=\"auto\" xml:lang=\"PT-PT\" lang=\"PT-PT\" class=\"TextRun SCXW164623343 BCX0\" style=\"font-size: 14px;\"><span class=\"NormalTextRun SCXW164623343 BCX0\"><strong>\u202f<\/strong>0\u20ac<\/span><\/span><span class=\"EOP SCXW164623343 BCX0\" data-ccp-props=\"{&quot;335551550&quot;:6,&quot;335551620&quot;:6}\" style=\"font-size: 14px;\">\u00a0<\/span><\/p>\n<p><strong><em><u>S\u00edntese do Projeto:<\/u><\/em><\/strong><\/p>\n<p><span data-contrast=\"auto\">A IPLAZ \u2013 Ind\u00fastria de Pl\u00e1sticos de Azem\u00e9is, S.A., est\u00e1 localizada no concelho de Oliveira de Azem\u00e9is e iniciou a sua atividade em 1978.<\/span><span data-ccp-props=\"{&quot;335551550&quot;:6,&quot;335551620&quot;:6}\">\u00a0<\/span><\/p>\n<p><span data-contrast=\"auto\">Direciona atualmente a sua atividade para a fabrica\u00e7\u00e3o de artigos em pl\u00e1stico, onde se inserem diversos setores de atividade, nomeadamente a puericultura, agricultura, pesca, apicultura, comercial, decora\u00e7\u00e3o, autom\u00f3vel, constru\u00e7\u00e3o civil e alimentar.<\/span><span data-ccp-props=\"{&quot;335551550&quot;:6,&quot;335551620&quot;:6}\">\u00a0<\/span><\/p>\n<p><span data-contrast=\"auto\">Com o presente projeto a iPlaz aposta em dom\u00ednios imateriais que promovem a sua competitividade e capacidade de resposta ao mercado global, permitindo refor\u00e7ar a sua capacidade operacional. Assim, a iPlaz definiu um conjunto de a\u00e7\u00f5es e investimentos inovadores que agregar\u00e3o valor e diferenciais de competitividade, assegurando o seu crescimento e posicionamento internacional, enquadrando-se na inova\u00e7\u00e3o organizacional e gest\u00e3o, nomeadamente pelo recurso \u00e0s tecnologias de informa\u00e7\u00e3o e comunica\u00e7\u00e3o que permitir\u00e3o a defini\u00e7\u00e3o rigorosa do seu m\u00e9todo de trabalho, bem como de todos os processos e procedimentos organizacionais e operacionais, interligando todas as informa\u00e7\u00f5es e processos, de modo a tra\u00e7ar a linha orientadora que permitir\u00e1 o alcance dos objetivos propostos, atuais e futuros.<\/span><span data-ccp-props=\"{&quot;335551550&quot;:6,&quot;335551620&quot;:6}\">\u00a0<\/span><\/p>\n<p class=\"Normal tm5\">\n<p class=\"Default tm6\"><strong><em><u><span class=\"tm8\">Forma\u00e7\u00e3o:<\/span><\/u><\/em><\/strong><\/p>\n<p class=\"Default tm6\"><span data-contrast=\"auto\" xml:lang=\"PT-PT\" lang=\"PT-PT\" class=\"TextRun SCXW108410331 BCX0\"><span class=\"NormalTextRun SCXW108410331 BCX0\">Os resultados obtidos com esta forma\u00e7\u00e3o, corresponderam ao pretendido, dado que os formandos foram ass\u00edduos e aplicados, pelo que foi poss\u00edvel desenvolver a forma\u00e7\u00e3o nos moldes pretendidos e atingir o pleno da sua execu\u00e7\u00e3o. Obtiveram todos, certificados de forma\u00e7\u00e3o profissional. Neste sentido, considera-se que o impacto esperado com o desenvolvimento da forma\u00e7\u00e3o, tamb\u00e9m \u00e9 positivo, uma vez que os formandos demonstram maior confian\u00e7a e melhor organiza\u00e7\u00e3o no seu trabalho. Tendo contribu\u00eddo sobremaneira para a boa implementa\u00e7\u00e3o dos Sistemas de Gest\u00e3o Pretendidos (Sistema de Gest\u00e3o da Responsabilidade Social de acordo com a norma SA 8000 e Sistema de Gest\u00e3o da Qualidade em fornecedores da Ind\u00fastria Autom\u00f3vel \u2013 Implementa\u00e7\u00e3o da Certifica\u00e7\u00e3o ISO\/TS 16949).<\/span><\/span><span class=\"EOP SCXW108410331 BCX0\" data-ccp-props=\"{&quot;335551550&quot;:6,&quot;335551620&quot;:6}\">\u00a0<\/span><\/p>\n<p>[\/et_pb_text][\/et_pb_column][\/et_pb_row][\/et_pb_section][et_pb_section fb_built=&#8221;1&#8243; _builder_version=&#8221;3.20.2&#8243;][et_pb_row _builder_version=&#8221;3.20.2&#8243;][et_pb_column type=&#8221;4_4&#8243; _builder_version=&#8221;3.20.2&#8243;][\/et_pb_column][\/et_pb_row][\/et_pb_section]<\/p>\n","protected":false},"excerpt":{"rendered":"<p>[et_pb_section fb_built=&#8221;1&#8243; _builder_version=&#8221;3.20.2&#8243;][et_pb_row _builder_version=&#8221;3.0.48&#8243; background_size=&#8221;initial&#8221; background_position=&#8221;top_left&#8221; background_repeat=&#8221;repeat&#8221;][et_pb_column type=&#8221;4_4&#8243; _builder_version=&#8221;3.0.47&#8243;][et_pb_image src=&#8221;https:\/\/iplaz.pt\/wp-content\/uploads\/2024\/10\/barra_compete2020_feder.jpg&#8221; _builder_version=&#8221;3.20.2&#8243;][\/et_pb_image][et_pb_text _builder_version=&#8221;3.0.74&#8243; background_size=&#8221;initial&#8221; background_position=&#8221;top_left&#8221; background_repeat=&#8221;repeat&#8221;] Projeto SI Qualifica\u00e7\u00e3o Projeto n.\u00ba\u202fPOCI-02-0853-FEDER-013971\u00a0 Designa\u00e7\u00e3o do Projeto: PROJETOS INDIVIDUAIS \u2013 QUALIFICA\u00c7\u00c3O das PME\u00a0 Apoio no \u00e2mbito do Sistemas de Incentivo: Programa Operacional Competitividade e Internacionaliza\u00e7\u00e3o Entidade Benefici\u00e1ria: IPLAZ \u2013 Ind\u00fastria de Pl\u00e1sticos de Azem\u00e9is, SA \u00a0 Data de Aprova\u00e7\u00e3o: [&hellip;]<\/p>\n","protected":false},"author":4,"featured_media":0,"parent":0,"menu_order":0,"comment_status":"closed","ping_status":"closed","template":"","meta":{"_et_pb_use_builder":"on","_et_pb_old_content":"<p>\u00a0<\/p><p style=\"font-family: helvetica; text-align: justify;\"><strong>Projeto SI Qualifica\u00e7\u00e3o<\/strong><\/p><p><strong>Projeto n.\u00ba<\/strong> POCI-02-0853-FEDER-013971<\/p><p><strong>Designa\u00e7\u00e3o do Projeto:<\/strong> PROJETOS INDIVIDUAIS \u2013 QUALIFICA\u00c7\u00c3O das PME \u2013 \u201cInovar nos Dom\u00ednios imateriais de Qualidade para a Competitividade\u201d<\/p><p><strong>Custo Total Eleg\u00edvel:<\/strong> 164.413,20\u20ac<\/p><p><strong>Apoio Financeiro da EU:<\/strong> 76.709,96\u20ac<\/p><p><strong>Apoio Financeiro P\u00fablico Nacional:<\/strong> 0\u20ac<\/p><p>\u00a0<\/p><p><strong><em><u>S\u00edntese do Projeto:<\/u><\/em><\/strong><\/p><p>A IPLAZ - Ind\u00fastria de Pl\u00e1sticos de Azem\u00e9is, S.A., est\u00e1 localizada no concelho de Oliveira de Azem\u00e9is e iniciou a sua atividade em 1978.<\/p><p>Direciona atualmente a sua atividade para a fabrica\u00e7\u00e3o de artigos em pl\u00e1stico, onde se inserem diversos setores de atividade, nomeadamente a puericultura, agricultura, pesca, apicultura, comercial, decora\u00e7\u00e3o, autom\u00f3vel, constru\u00e7\u00e3o civil e alimentar.<\/p><p>Com o presente projeto a iPlaz aposta em dom\u00ednios imateriais que promovem a sua competitividade e capacidade de resposta ao mercado global, permitindo refor\u00e7ar a sua capacidade operacional. Assim, a iPlaz definiu um conjunto de a\u00e7\u00f5es e investimentos inovadores que agregar\u00e3o valor e diferenciais de competitividade, assegurando o seu crescimento e posicionamento internacional, enquadrando-se na inova\u00e7\u00e3o organizacional e gest\u00e3o, nomeadamente pelo recurso \u00e0s tecnologias de informa\u00e7\u00e3o e comunica\u00e7\u00e3o que permitir\u00e3o a defini\u00e7\u00e3o rigorosa do seu m\u00e9todo de trabalho, bem como de todos os processos e procedimentos organizacionais e operacionais, interligando todas as informa\u00e7\u00f5es e processos, de modo a tra\u00e7ar a linha orientadora que permitir\u00e1 o alcance dos objetivos propostos, atuais e futuros.<\/p><p>\u00a0<\/p><p><img class=\"alignnone wp-image-633 size-medium\" src=\"https:\/\/iplaz.pt\/wp-content\/uploads\/2017\/02\/barra2-300x46.png\" width=\"300\" height=\"46\" \/><\/p><p>\u00a0<\/p>","footnotes":""},"class_list":["post-635","page","type-page","status-publish","hentry"],"yoast_head":"<!-- This site is optimized with the Yoast SEO plugin v25.3.1 - https:\/\/yoast.com\/wordpress\/plugins\/seo\/ -->\n<title>Projeto de Qualifica\u00e7\u00e3o<\/title>\n<meta name=\"robots\" content=\"index, follow, max-snippet:-1, max-image-preview:large, max-video-preview:-1\" \/>\n<link rel=\"canonical\" href=\"https:\/\/iplaz.pt\/projeto-de-qualificacao\/\" \/>\n<meta property=\"og:locale\" content=\"en_US\" \/>\n<meta property=\"og:type\" content=\"article\" \/>\n<meta property=\"og:title\" content=\"Projeto de Qualifica\u00e7\u00e3o\" \/>\n<meta property=\"og:description\" content=\"[et_pb_section fb_built=&#8221;1&#8243; _builder_version=&#8221;3.20.2&#8243;][et_pb_row _builder_version=&#8221;3.0.48&#8243; background_size=&#8221;initial&#8221; background_position=&#8221;top_left&#8221; background_repeat=&#8221;repeat&#8221;][et_pb_column type=&#8221;4_4&#8243; _builder_version=&#8221;3.0.47&#8243;][et_pb_image src=&#8221;https:\/\/iplaz.pt\/wp-content\/uploads\/2024\/10\/barra_compete2020_feder.jpg&#8221; _builder_version=&#8221;3.20.2&#8243;][\/et_pb_image][et_pb_text _builder_version=&#8221;3.0.74&#8243; background_size=&#8221;initial&#8221; background_position=&#8221;top_left&#8221; background_repeat=&#8221;repeat&#8221;] Projeto SI Qualifica\u00e7\u00e3o Projeto n.\u00ba\u202fPOCI-02-0853-FEDER-013971\u00a0 Designa\u00e7\u00e3o do Projeto: PROJETOS INDIVIDUAIS \u2013 QUALIFICA\u00c7\u00c3O das PME\u00a0 Apoio no \u00e2mbito do Sistemas de Incentivo: Programa Operacional Competitividade e Internacionaliza\u00e7\u00e3o Entidade Benefici\u00e1ria: IPLAZ \u2013 Ind\u00fastria de Pl\u00e1sticos de Azem\u00e9is, SA \u00a0 Data de Aprova\u00e7\u00e3o: [&hellip;]\" \/>\n<meta property=\"og:url\" content=\"https:\/\/iplaz.pt\/projeto-de-qualificacao\/\" \/>\n<meta property=\"og:site_name\" content=\"Iplaz\" \/>\n<meta property=\"article:publisher\" content=\"https:\/\/www.facebook.com\/iplazpt\/\" \/>\n<meta property=\"article:modified_time\" content=\"2024-10-20T19:54:33+00:00\" \/>\n<meta name=\"twitter:card\" content=\"summary_large_image\" \/>\n<meta name=\"twitter:label1\" content=\"Est. reading time\" \/>\n\t<meta name=\"twitter:data1\" content=\"2 minutes\" \/>\n<script type=\"application\/ld+json\" class=\"yoast-schema-graph\">{\"@context\":\"https:\/\/schema.org\",\"@graph\":[{\"@type\":\"WebPage\",\"@id\":\"https:\/\/iplaz.pt\/projeto-de-qualificacao\/\",\"url\":\"https:\/\/iplaz.pt\/projeto-de-qualificacao\/\",\"name\":\"Projeto de Qualifica\u00e7\u00e3o\",\"isPartOf\":{\"@id\":\"https:\/\/iplaz.pt\/#website\"},\"datePublished\":\"2017-02-07T12:29:44+00:00\",\"dateModified\":\"2024-10-20T19:54:33+00:00\",\"breadcrumb\":{\"@id\":\"https:\/\/iplaz.pt\/projeto-de-qualificacao\/#breadcrumb\"},\"inLanguage\":\"en-US\",\"potentialAction\":[{\"@type\":\"ReadAction\",\"target\":[\"https:\/\/iplaz.pt\/projeto-de-qualificacao\/\"]}]},{\"@type\":\"BreadcrumbList\",\"@id\":\"https:\/\/iplaz.pt\/projeto-de-qualificacao\/#breadcrumb\",\"itemListElement\":[{\"@type\":\"ListItem\",\"position\":1,\"name\":\"In\u00edcio\",\"item\":\"https:\/\/iplaz.pt\/\"},{\"@type\":\"ListItem\",\"position\":2,\"name\":\"Projeto de Qualifica\u00e7\u00e3o\"}]},{\"@type\":\"WebSite\",\"@id\":\"https:\/\/iplaz.pt\/#website\",\"url\":\"https:\/\/iplaz.pt\/\",\"name\":\"Iplaz\",\"description\":\"Plastifica\u00e7\u00e3o\",\"potentialAction\":[{\"@type\":\"SearchAction\",\"target\":{\"@type\":\"EntryPoint\",\"urlTemplate\":\"https:\/\/iplaz.pt\/?s={search_term_string}\"},\"query-input\":{\"@type\":\"PropertyValueSpecification\",\"valueRequired\":true,\"valueName\":\"search_term_string\"}}],\"inLanguage\":\"en-US\"}]}<\/script>\n<!-- \/ Yoast SEO plugin. -->","yoast_head_json":{"title":"Projeto de Qualifica\u00e7\u00e3o","robots":{"index":"index","follow":"follow","max-snippet":"max-snippet:-1","max-image-preview":"max-image-preview:large","max-video-preview":"max-video-preview:-1"},"canonical":"https:\/\/iplaz.pt\/projeto-de-qualificacao\/","og_locale":"en_US","og_type":"article","og_title":"Projeto de Qualifica\u00e7\u00e3o","og_description":"[et_pb_section fb_built=&#8221;1&#8243; _builder_version=&#8221;3.20.2&#8243;][et_pb_row _builder_version=&#8221;3.0.48&#8243; background_size=&#8221;initial&#8221; background_position=&#8221;top_left&#8221; background_repeat=&#8221;repeat&#8221;][et_pb_column type=&#8221;4_4&#8243; _builder_version=&#8221;3.0.47&#8243;][et_pb_image src=&#8221;https:\/\/iplaz.pt\/wp-content\/uploads\/2024\/10\/barra_compete2020_feder.jpg&#8221; _builder_version=&#8221;3.20.2&#8243;][\/et_pb_image][et_pb_text _builder_version=&#8221;3.0.74&#8243; background_size=&#8221;initial&#8221; background_position=&#8221;top_left&#8221; background_repeat=&#8221;repeat&#8221;] Projeto SI Qualifica\u00e7\u00e3o Projeto n.\u00ba\u202fPOCI-02-0853-FEDER-013971\u00a0 Designa\u00e7\u00e3o do Projeto: PROJETOS INDIVIDUAIS \u2013 QUALIFICA\u00c7\u00c3O das PME\u00a0 Apoio no \u00e2mbito do Sistemas de Incentivo: Programa Operacional Competitividade e Internacionaliza\u00e7\u00e3o Entidade Benefici\u00e1ria: IPLAZ \u2013 Ind\u00fastria de Pl\u00e1sticos de Azem\u00e9is, SA \u00a0 Data de Aprova\u00e7\u00e3o: [&hellip;]","og_url":"https:\/\/iplaz.pt\/projeto-de-qualificacao\/","og_site_name":"Iplaz","article_publisher":"https:\/\/www.facebook.com\/iplazpt\/","article_modified_time":"2024-10-20T19:54:33+00:00","twitter_card":"summary_large_image","twitter_misc":{"Est. reading time":"2 minutes"},"schema":{"@context":"https:\/\/schema.org","@graph":[{"@type":"WebPage","@id":"https:\/\/iplaz.pt\/projeto-de-qualificacao\/","url":"https:\/\/iplaz.pt\/projeto-de-qualificacao\/","name":"Projeto de Qualifica\u00e7\u00e3o","isPartOf":{"@id":"https:\/\/iplaz.pt\/#website"},"datePublished":"2017-02-07T12:29:44+00:00","dateModified":"2024-10-20T19:54:33+00:00","breadcrumb":{"@id":"https:\/\/iplaz.pt\/projeto-de-qualificacao\/#breadcrumb"},"inLanguage":"en-US","potentialAction":[{"@type":"ReadAction","target":["https:\/\/iplaz.pt\/projeto-de-qualificacao\/"]}]},{"@type":"BreadcrumbList","@id":"https:\/\/iplaz.pt\/projeto-de-qualificacao\/#breadcrumb","itemListElement":[{"@type":"ListItem","position":1,"name":"In\u00edcio","item":"https:\/\/iplaz.pt\/"},{"@type":"ListItem","position":2,"name":"Projeto de Qualifica\u00e7\u00e3o"}]},{"@type":"WebSite","@id":"https:\/\/iplaz.pt\/#website","url":"https:\/\/iplaz.pt\/","name":"Iplaz","description":"Plastifica\u00e7\u00e3o","potentialAction":[{"@type":"SearchAction","target":{"@type":"EntryPoint","urlTemplate":"https:\/\/iplaz.pt\/?s={search_term_string}"},"query-input":{"@type":"PropertyValueSpecification","valueRequired":true,"valueName":"search_term_string"}}],"inLanguage":"en-US"}]}},"_links":{"self":[{"href":"https:\/\/iplaz.pt\/en\/wp-json\/wp\/v2\/pages\/635","targetHints":{"allow":["GET"]}}],"collection":[{"href":"https:\/\/iplaz.pt\/en\/wp-json\/wp\/v2\/pages"}],"about":[{"href":"https:\/\/iplaz.pt\/en\/wp-json\/wp\/v2\/types\/page"}],"author":[{"embeddable":true,"href":"https:\/\/iplaz.pt\/en\/wp-json\/wp\/v2\/users\/4"}],"replies":[{"embeddable":true,"href":"https:\/\/iplaz.pt\/en\/wp-json\/wp\/v2\/comments?post=635"}],"version-history":[{"count":11,"href":"https:\/\/iplaz.pt\/en\/wp-json\/wp\/v2\/pages\/635\/revisions"}],"predecessor-version":[{"id":64903,"href":"https:\/\/iplaz.pt\/en\/wp-json\/wp\/v2\/pages\/635\/revisions\/64903"}],"wp:attachment":[{"href":"https:\/\/iplaz.pt\/en\/wp-json\/wp\/v2\/media?parent=635"}],"curies":[{"name":"wp","href":"https:\/\/api.w.org\/{rel}","templated":true}]}}