{"id":64740,"date":"2021-12-23T12:21:09","date_gmt":"2021-12-23T12:21:09","guid":{"rendered":"http:\/\/iplaz.pt\/?page_id=64740"},"modified":"2025-06-11T20:20:24","modified_gmt":"2025-06-11T20:20:24","slug":"adaptar-pme","status":"publish","type":"page","link":"https:\/\/iplaz.pt\/en\/adaptar-pme\/","title":{"rendered":"(Portugu\u00eas) adaptar-pme"},"content":{"rendered":"<p>[et_pb_section fb_built=&#8221;1&#8243; _builder_version=&#8221;3.0.47&#8243; custom_padding=&#8221;0|0px|0|0|false|false&#8221;][et_pb_row custom_padding=&#8221;50px|0px|27px|0px|false|false&#8221; _builder_version=&#8221;3.20.2&#8243; background_size=&#8221;initial&#8221; background_position=&#8221;top_left&#8221; background_repeat=&#8221;repeat&#8221;][et_pb_column type=&#8221;4_4&#8243; _builder_version=&#8221;3.0.47&#8243;][et_pb_image src=&#8221;https:\/\/iplaz.pt\/wp-content\/uploads\/2022\/02\/compete2020_feder.jpg&#8221; _builder_version=&#8221;3.20.2&#8243;][\/et_pb_image][et_pb_text _builder_version=&#8221;3.20.2&#8243; background_size=&#8221;initial&#8221; background_position=&#8221;top_left&#8221; background_repeat=&#8221;repeat&#8221;]<\/p>\n<p><strong style=\"font-size: 14px;\">Designa\u00e7\u00e3o do Projeto: <\/strong><span style=\"font-size: 14px;\">ADAPTAR-PME<\/span><\/p>\n<p><strong><span class=\"fontstyle0\">C\u00f3digo do projeto: <\/span><\/strong><span class=\"fontstyle0\">POCI-02-08B9-FEDER-071950<\/span><\/p>\n<p><strong> <span class=\"fontstyle0\">Objetivo principal:<\/span><\/strong><span class=\"fontstyle2\"> OT 3 \u2013 Refor\u00e7ar a Competitividade das PME<\/span><\/p>\n<p><strong> <span class=\"fontstyle0\">Regi\u00e3o de interven\u00e7\u00e3o:<\/span><\/strong><span class=\"fontstyle2\"> Norte<\/span><\/p>\n<p><strong> <span class=\"fontstyle0\">Entidade benefici\u00e1ria:<\/span><\/strong><span class=\"fontstyle2\"><strong>\u00a0<\/strong>IPLAZ-IND\u00daSTRIA DE PL\u00c1STICOS DE AZEMEIS, S.A.<\/span><\/p>\n<p>.<\/p>\n<p><strong>Data de Aprova\u00e7\u00e3o:<\/strong> 14-07-2020<\/p>\n<p><strong>Data de In\u00edcio:<\/strong> 30-11-2020<\/p>\n<p><strong>Data de Conclus\u00e3o:<\/strong> 16-02-2021<\/p>\n<p><strong>Custo Total Eleg\u00edvel:<\/strong>\u00a032 000\u20ac<\/p>\n<p><strong>Apoio financeiro da Uni\u00e3o Europeia | FEDER<\/strong> \u2013 16.000,00\u20ac<\/p>\n<p>&nbsp;<\/p>\n<p><span style=\"text-decoration: underline;\"><strong>Objetivos:<\/strong><\/span><\/p>\n<p>Projeto elaborado no \u00e2mbito desta Pandemia COVID \u2013 19, visa dotar a empresa de meios e procedimentos que protejam os seus trabalhadores, clientes, fornecedores e consequentemente as suas fam\u00edlias. O projeto tem como linha de orienta\u00e7\u00e3o principal a reorganiza\u00e7\u00e3o de espa\u00e7os de trabalho.<\/p>\n<p>&nbsp;<\/p>\n<p>&nbsp;<\/p>\n<p>&nbsp;<\/p>\n<p>[\/et_pb_text][\/et_pb_column][\/et_pb_row][\/et_pb_section]<\/p>\n","protected":false},"excerpt":{"rendered":"<p>[et_pb_section fb_built=&#8221;1&#8243; _builder_version=&#8221;3.0.47&#8243; custom_padding=&#8221;0|0px|0|0|false|false&#8221;][et_pb_row custom_padding=&#8221;50px|0px|27px|0px|false|false&#8221; _builder_version=&#8221;3.20.2&#8243; background_size=&#8221;initial&#8221; background_position=&#8221;top_left&#8221; background_repeat=&#8221;repeat&#8221;][et_pb_column type=&#8221;4_4&#8243; _builder_version=&#8221;3.0.47&#8243;][et_pb_image src=&#8221;https:\/\/iplaz.pt\/wp-content\/uploads\/2022\/02\/compete2020_feder.jpg&#8221; _builder_version=&#8221;3.20.2&#8243;][\/et_pb_image][et_pb_text _builder_version=&#8221;3.20.2&#8243; background_size=&#8221;initial&#8221; background_position=&#8221;top_left&#8221; background_repeat=&#8221;repeat&#8221;] Designa\u00e7\u00e3o do Projeto: ADAPTAR-PME C\u00f3digo do projeto: POCI-02-08B9-FEDER-071950 Objetivo principal: OT 3 \u2013 Refor\u00e7ar a Competitividade das PME Regi\u00e3o de interven\u00e7\u00e3o: Norte Entidade benefici\u00e1ria:\u00a0IPLAZ-IND\u00daSTRIA DE PL\u00c1STICOS DE AZEMEIS, S.A. . Data de Aprova\u00e7\u00e3o: 14-07-2020 Data de In\u00edcio: 30-11-2020 [&hellip;]<\/p>\n","protected":false},"author":4,"featured_media":0,"parent":0,"menu_order":0,"comment_status":"closed","ping_status":"closed","template":"","meta":{"_et_pb_use_builder":"on","_et_pb_old_content":"<p>[et_pb_section fb_built=\"1\" _builder_version=\"3.0.47\" custom_padding=\"0|0px|0|0|false|false\"][et_pb_row custom_padding=\"0|0px|27px|0px|false|false\" _builder_version=\"3.0.48\" background_size=\"initial\" background_position=\"top_left\" background_repeat=\"repeat\"][et_pb_column type=\"4_4\" _builder_version=\"3.0.47\"][et_pb_text _builder_version=\"3.20.2\" background_size=\"initial\" background_position=\"top_left\" background_repeat=\"repeat\"]<\/p><p><img class=\"wp-image-1651 alignnone size-medium\" style=\"font-size: 14px;\" src=\"https:\/\/iplaz.pt\/wp-content\/uploads\/2019\/07\/barra_feder-300x39.jpg\" alt=\"\" width=\"338\" height=\"44\" \/><\/p><p><strong style=\"font-size: 14px;\">Projeto iPlaz<\/strong><\/p><p><strong style=\"font-size: 14px;\">Designa\u00e7\u00e3o do Projeto:\u00a0<\/strong><span style=\"font-size: 14px;\"><span class=\"fontstyle0\">Crescimento assente na diversifica\u00e7\u00e3o e alargamento da gama de produtos IPLAZ e lan\u00e7amento de eco-produtos<\/span><br \/><\/span><\/p><p><strong> <span class=\"fontstyle0\">C\u00f3digo do projeto:<\/span><\/strong><span class=\"fontstyle2\">\u00a0NORTE-02-0853-FEDER-044170<\/span><\/p><p><strong> <span class=\"fontstyle0\">Objetivo principal:<\/span><\/strong><span class=\"fontstyle2\">\u00a0OT 3 - Refor\u00e7ar a competitividade das pequenas e m\u00e9dias empresas<\/span><\/p><p><strong> <span class=\"fontstyle0\">Regi\u00e3o de interven\u00e7\u00e3o:<\/span><\/strong><span class=\"fontstyle2\"><strong>\u00a0<\/strong>NORTE<\/span><\/p><p><strong> <span class=\"fontstyle0\">Entidade benefici\u00e1ria:<\/span><\/strong><span class=\"fontstyle2\"><strong>\u00a0<\/strong>IPLAZ-IND\u00daSTRIA DE PL\u00c1STICOS DE AZEMEIS, S.A.<\/span><\/p><p>.<\/p><p><strong>Data de Aprova\u00e7\u00e3o:<\/strong> 13\/08\/2019<\/p><p><strong>Data de In\u00edcio:<\/strong>\u00a014\/03\/2019<\/p><p><strong>Data de Conclus\u00e3o:<\/strong> 13\/03\/2021<\/p><p><strong>Custo Total Eleg\u00edvel:<\/strong> <span class=\"fontstyle0\">3.934.164,71<\/span>\u20ac<\/p><p><strong> <span class=\"fontstyle0\">Apoio financeiro da Uni\u00e3o Europeia:<\/span><\/strong><span class=\"fontstyle2\">\u00a01.770.374,12\u20ac<\/span><\/p><p><strong><span class=\"fontstyle0\">\u00a0 \u00a0 \u00a0 \u00a0 \u00a0Incentivo N\u00e3o Reembols\u00e1vel:<\/span><\/strong><span class=\"fontstyle2\">\u00a0885.187,06\u20ac<\/span><\/p><p><span class=\"fontstyle2\"><strong><span class=\"fontstyle0\">\u00a0 \u00a0 \u00a0 \u00a0 \u00a0Empr\u00e9stimo Garantido:<\/span><\/strong>\u00a0885.187,06\u20ac<br \/><\/span><\/p><p><strong><em><u> <span class=\"fontstyle0\">Descri\u00e7\u00e3o e Objetivos do Projeto<\/span>:<\/u><\/em><\/strong><\/p><p>IPLAZ-IND\u00daSTRIA DE PL\u00c1STICOS DE AZEMEIS, S.A. \u00e9 uma empresa de m\u00e9dia dimens\u00e3o cuja atividade principal \u00e9 a pr\u00e9-produ\u00e7\u00e3o e produ\u00e7\u00e3o de pe\u00e7as pl\u00e1sticas e o ensaio de moldes de inje\u00e7\u00e3o de pl\u00e1stico. A\u00a0empresa produz para v\u00e1rios setores, nomeadamente puericultura, agricultura, alimentar, decora\u00e7\u00e3o,\u00a0autom\u00f3veis e eletrodom\u00e9sticos.<\/p><p>O presente projeto e os investimentos nele previstos, visam aumentar a capacidade produtiva instalada\u00a0atrav\u00e9s da aquisi\u00e7\u00e3o de novas m\u00e1quinas de inje\u00e7\u00e3o, os respetivos robots e as m\u00e1quinas\/equipamentos\u00a0complementares, os moldes que permitir\u00e3o alargar a gama de produtos iPlaz, uma nova m\u00e1quina de\u00a0termo-impress\u00e3o, a introdu\u00e7\u00e3o do processo completo de reciclagem de material pl\u00e1stico, numa aposta\u00a0na economia circular e lan\u00e7amento de ecoprodutos, promovendo n\u00e3o s\u00f3 o seu crescimento, mas a sua\u00a0competitividade e diferencia\u00e7\u00e3o assente na sua pol\u00edtica de responsabilidade social e sustentabilidade. O\u00a0projeto prev\u00ea tamb\u00e9m o aumento das infraestruturas para acomodar as m\u00e1quinas de menor capacidade\u00a0para a produ\u00e7\u00e3o das pe\u00e7as pl\u00e1sticas de menor dimens\u00e3o e tecnicidade. Atrav\u00e9s do presente projeto a\u00a0empresa prev\u00ea produzir novos produtos e apostar em ecoprodutos, atrav\u00e9s da introdu\u00e7\u00e3o da reciclagem\u00a0de materiais pl\u00e1sticos.<\/p><p>A iPlaz, com 40 anos de atividade e um hist\u00f3rico evolutivo de sucesso, sustenta a sua atividade na aposta\u00a0na inova\u00e7\u00e3o e novas tecnologias. A estrat\u00e9gia de crescimento e diversifica\u00e7\u00e3o de clientes e produto da\u00a0iPlaz, desmaterializa-se num conjunto de indicadores e metas a atingir:<br \/>\u2022 Aumentar o volume de neg\u00f3cios;<br \/>\u2022 Aumentar o n\u00famero de clientes<br \/>\u2022 Aumentar a satisfa\u00e7\u00e3o global dos clientes<br \/>\u2022 Diversificar a gama de produtos<br \/>\u2022 Incorporar, at\u00e9 2023, pl\u00e1stico reciclado nos seus produtos<br \/>\u2022 Reduzir dura\u00e7\u00e3o do ciclo produtivo<br \/>\u2022 Reduzir a pegada ecol\u00f3gica e diminuir o peso do consumo energ\u00e9tico<\/p><p>[\/et_pb_text][\/et_pb_column][\/et_pb_row][\/et_pb_section]<\/p>","footnotes":""},"class_list":["post-64740","page","type-page","status-publish","hentry"],"yoast_head":"<!-- This site is optimized with the Yoast SEO plugin v25.3.1 - https:\/\/yoast.com\/wordpress\/plugins\/seo\/ -->\n<title>(Portugu\u00eas) adaptar-pme | Iplaz<\/title>\n<meta name=\"robots\" content=\"index, follow, max-snippet:-1, max-image-preview:large, max-video-preview:-1\" \/>\n<link rel=\"canonical\" href=\"https:\/\/iplaz.pt\/adaptar-pme\/\" \/>\n<meta property=\"og:locale\" content=\"en_US\" \/>\n<meta property=\"og:type\" content=\"article\" \/>\n<meta property=\"og:title\" content=\"(Portugu\u00eas) adaptar-pme | Iplaz\" \/>\n<meta property=\"og:description\" content=\"[et_pb_section fb_built=&#8221;1&#8243; _builder_version=&#8221;3.0.47&#8243; custom_padding=&#8221;0|0px|0|0|false|false&#8221;][et_pb_row custom_padding=&#8221;50px|0px|27px|0px|false|false&#8221; _builder_version=&#8221;3.20.2&#8243; background_size=&#8221;initial&#8221; background_position=&#8221;top_left&#8221; background_repeat=&#8221;repeat&#8221;][et_pb_column type=&#8221;4_4&#8243; _builder_version=&#8221;3.0.47&#8243;][et_pb_image src=&#8221;https:\/\/iplaz.pt\/wp-content\/uploads\/2022\/02\/compete2020_feder.jpg&#8221; _builder_version=&#8221;3.20.2&#8243;][\/et_pb_image][et_pb_text _builder_version=&#8221;3.20.2&#8243; background_size=&#8221;initial&#8221; background_position=&#8221;top_left&#8221; background_repeat=&#8221;repeat&#8221;] Designa\u00e7\u00e3o do Projeto: ADAPTAR-PME C\u00f3digo do projeto: POCI-02-08B9-FEDER-071950 Objetivo principal: OT 3 \u2013 Refor\u00e7ar a Competitividade das PME Regi\u00e3o de interven\u00e7\u00e3o: Norte Entidade benefici\u00e1ria:\u00a0IPLAZ-IND\u00daSTRIA DE PL\u00c1STICOS DE AZEMEIS, S.A. . Data de Aprova\u00e7\u00e3o: 14-07-2020 Data de In\u00edcio: 30-11-2020 [&hellip;]\" \/>\n<meta property=\"og:url\" content=\"https:\/\/iplaz.pt\/adaptar-pme\/\" \/>\n<meta property=\"og:site_name\" content=\"Iplaz\" \/>\n<meta property=\"article:publisher\" content=\"https:\/\/www.facebook.com\/iplazpt\/\" \/>\n<meta property=\"article:modified_time\" content=\"2025-06-11T20:20:24+00:00\" \/>\n<meta name=\"twitter:card\" content=\"summary_large_image\" \/>\n<meta name=\"twitter:label1\" content=\"Est. reading time\" \/>\n\t<meta name=\"twitter:data1\" content=\"1 minute\" \/>\n<script type=\"application\/ld+json\" class=\"yoast-schema-graph\">{\"@context\":\"https:\/\/schema.org\",\"@graph\":[{\"@type\":\"WebPage\",\"@id\":\"https:\/\/iplaz.pt\/adaptar-pme\/\",\"url\":\"https:\/\/iplaz.pt\/adaptar-pme\/\",\"name\":\"(Portugu\u00eas) adaptar-pme | Iplaz\",\"isPartOf\":{\"@id\":\"https:\/\/iplaz.pt\/#website\"},\"datePublished\":\"2021-12-23T12:21:09+00:00\",\"dateModified\":\"2025-06-11T20:20:24+00:00\",\"breadcrumb\":{\"@id\":\"https:\/\/iplaz.pt\/adaptar-pme\/#breadcrumb\"},\"inLanguage\":\"en-US\",\"potentialAction\":[{\"@type\":\"ReadAction\",\"target\":[\"https:\/\/iplaz.pt\/adaptar-pme\/\"]}]},{\"@type\":\"BreadcrumbList\",\"@id\":\"https:\/\/iplaz.pt\/adaptar-pme\/#breadcrumb\",\"itemListElement\":[{\"@type\":\"ListItem\",\"position\":1,\"name\":\"In\u00edcio\",\"item\":\"https:\/\/iplaz.pt\/\"},{\"@type\":\"ListItem\",\"position\":2,\"name\":\"adaptar-pme\"}]},{\"@type\":\"WebSite\",\"@id\":\"https:\/\/iplaz.pt\/#website\",\"url\":\"https:\/\/iplaz.pt\/\",\"name\":\"Iplaz\",\"description\":\"Plastifica\u00e7\u00e3o\",\"potentialAction\":[{\"@type\":\"SearchAction\",\"target\":{\"@type\":\"EntryPoint\",\"urlTemplate\":\"https:\/\/iplaz.pt\/?s={search_term_string}\"},\"query-input\":{\"@type\":\"PropertyValueSpecification\",\"valueRequired\":true,\"valueName\":\"search_term_string\"}}],\"inLanguage\":\"en-US\"}]}<\/script>\n<!-- \/ Yoast SEO plugin. -->","yoast_head_json":{"title":"(Portugu\u00eas) adaptar-pme | Iplaz","robots":{"index":"index","follow":"follow","max-snippet":"max-snippet:-1","max-image-preview":"max-image-preview:large","max-video-preview":"max-video-preview:-1"},"canonical":"https:\/\/iplaz.pt\/adaptar-pme\/","og_locale":"en_US","og_type":"article","og_title":"(Portugu\u00eas) adaptar-pme | Iplaz","og_description":"[et_pb_section fb_built=&#8221;1&#8243; _builder_version=&#8221;3.0.47&#8243; custom_padding=&#8221;0|0px|0|0|false|false&#8221;][et_pb_row custom_padding=&#8221;50px|0px|27px|0px|false|false&#8221; _builder_version=&#8221;3.20.2&#8243; background_size=&#8221;initial&#8221; background_position=&#8221;top_left&#8221; background_repeat=&#8221;repeat&#8221;][et_pb_column type=&#8221;4_4&#8243; _builder_version=&#8221;3.0.47&#8243;][et_pb_image src=&#8221;https:\/\/iplaz.pt\/wp-content\/uploads\/2022\/02\/compete2020_feder.jpg&#8221; _builder_version=&#8221;3.20.2&#8243;][\/et_pb_image][et_pb_text _builder_version=&#8221;3.20.2&#8243; background_size=&#8221;initial&#8221; background_position=&#8221;top_left&#8221; background_repeat=&#8221;repeat&#8221;] Designa\u00e7\u00e3o do Projeto: ADAPTAR-PME C\u00f3digo do projeto: POCI-02-08B9-FEDER-071950 Objetivo principal: OT 3 \u2013 Refor\u00e7ar a Competitividade das PME Regi\u00e3o de interven\u00e7\u00e3o: Norte Entidade benefici\u00e1ria:\u00a0IPLAZ-IND\u00daSTRIA DE PL\u00c1STICOS DE AZEMEIS, S.A. . Data de Aprova\u00e7\u00e3o: 14-07-2020 Data de In\u00edcio: 30-11-2020 [&hellip;]","og_url":"https:\/\/iplaz.pt\/adaptar-pme\/","og_site_name":"Iplaz","article_publisher":"https:\/\/www.facebook.com\/iplazpt\/","article_modified_time":"2025-06-11T20:20:24+00:00","twitter_card":"summary_large_image","twitter_misc":{"Est. reading time":"1 minute"},"schema":{"@context":"https:\/\/schema.org","@graph":[{"@type":"WebPage","@id":"https:\/\/iplaz.pt\/adaptar-pme\/","url":"https:\/\/iplaz.pt\/adaptar-pme\/","name":"(Portugu\u00eas) adaptar-pme | Iplaz","isPartOf":{"@id":"https:\/\/iplaz.pt\/#website"},"datePublished":"2021-12-23T12:21:09+00:00","dateModified":"2025-06-11T20:20:24+00:00","breadcrumb":{"@id":"https:\/\/iplaz.pt\/adaptar-pme\/#breadcrumb"},"inLanguage":"en-US","potentialAction":[{"@type":"ReadAction","target":["https:\/\/iplaz.pt\/adaptar-pme\/"]}]},{"@type":"BreadcrumbList","@id":"https:\/\/iplaz.pt\/adaptar-pme\/#breadcrumb","itemListElement":[{"@type":"ListItem","position":1,"name":"In\u00edcio","item":"https:\/\/iplaz.pt\/"},{"@type":"ListItem","position":2,"name":"adaptar-pme"}]},{"@type":"WebSite","@id":"https:\/\/iplaz.pt\/#website","url":"https:\/\/iplaz.pt\/","name":"Iplaz","description":"Plastifica\u00e7\u00e3o","potentialAction":[{"@type":"SearchAction","target":{"@type":"EntryPoint","urlTemplate":"https:\/\/iplaz.pt\/?s={search_term_string}"},"query-input":{"@type":"PropertyValueSpecification","valueRequired":true,"valueName":"search_term_string"}}],"inLanguage":"en-US"}]}},"_links":{"self":[{"href":"https:\/\/iplaz.pt\/en\/wp-json\/wp\/v2\/pages\/64740","targetHints":{"allow":["GET"]}}],"collection":[{"href":"https:\/\/iplaz.pt\/en\/wp-json\/wp\/v2\/pages"}],"about":[{"href":"https:\/\/iplaz.pt\/en\/wp-json\/wp\/v2\/types\/page"}],"author":[{"embeddable":true,"href":"https:\/\/iplaz.pt\/en\/wp-json\/wp\/v2\/users\/4"}],"replies":[{"embeddable":true,"href":"https:\/\/iplaz.pt\/en\/wp-json\/wp\/v2\/comments?post=64740"}],"version-history":[{"count":13,"href":"https:\/\/iplaz.pt\/en\/wp-json\/wp\/v2\/pages\/64740\/revisions"}],"predecessor-version":[{"id":64766,"href":"https:\/\/iplaz.pt\/en\/wp-json\/wp\/v2\/pages\/64740\/revisions\/64766"}],"wp:attachment":[{"href":"https:\/\/iplaz.pt\/en\/wp-json\/wp\/v2\/media?parent=64740"}],"curies":[{"name":"wp","href":"https:\/\/api.w.org\/{rel}","templated":true}]}}