{"id":1099,"date":"2017-09-28T09:10:53","date_gmt":"2017-09-28T09:10:53","guid":{"rendered":"http:\/\/iplaz.pt\/?page_id=1099"},"modified":"2025-06-11T20:20:21","modified_gmt":"2025-06-11T20:20:21","slug":"agricultura","status":"publish","type":"page","link":"https:\/\/iplaz.pt\/es\/agricultura\/","title":{"rendered":"Agricultura"},"content":{"rendered":"<p>Autom\u00f3vil<\/a><\/th>\n<th><a href=\"www.iplaz.chformacao.pt\/alimentar\">AlimentarAlimentario<\/a><\/th>\n<th><a href=\"www.iplaz.chformacao.pt\/bobines\">BobinesBobinas<\/a><\/th>\n<th><a href=\"www.iplaz.chformacao.pt\/mobiliario\">Mobili\u00e1rioMuebles<\/a><\/th>\n<th><a href=\"www.iplaz.chformacao.pt\/utilitarios\">Utilit\u00e1riosUtilidades<\/a><\/th>\n<\/tr>\n<tr>\n<td><a href=\"www.iplaz.chformacao.pt\/automovel\"><img decoding=\"async\" src=\"https:\/\/iplaz.pt\/wp-content\/uploads\/2017\/01\/NE5B0771-2.jpg\"><\/a><\/td>\n<td><a href=\"www.iplaz.chformacao.pt\/alimentar\"><img decoding=\"async\" src=\"https:\/\/iplaz.pt\/wp-content\/uploads\/2018\/01\/copo-plastico-01-1.png\"><\/a><\/td>\n<td><a href=\"www.iplaz.chformacao.pt\/bobines\"><img decoding=\"async\" src=\"https:\/\/iplaz.pt\/wp-content\/uploads\/2017\/01\/NE5B0753-1.jpg\"><\/a><\/td>\n<td><a href=\"www.iplaz.chformacao.pt\/mobiliario\"><img decoding=\"async\" src=\"https:\/\/iplaz.pt\/wp-content\/uploads\/2017\/01\/NE5B0794-1.jpg\"><\/a><\/td>\n<td><a href=\"www.iplaz.chformacao.pt\/utilitarios\"><img decoding=\"async\" src=\"https:\/\/iplaz.pt\/wp-content\/uploads\/2017\/01\/NE5B0719-1.jpg\"><\/a><\/td>\n<\/tr>\n<\/tbody>\n<\/table>\n<p>[\/et_pb_text][\/et_pb_column][et_pb_column type=\u00bb1_4&#8243;][\/et_pb_column][\/et_pb_row][\/et_pb_section][et_pb_section bb_built=\u00bb1&#8243;][et_pb_row][et_pb_column type=\u00bb4_4&#8243;][et_pb_gallery _builder_version=\u00bb3.0.77&#8243; show_title_and_caption=\u00bbon\u00bb show_pagination=\u00bbon\u00bb gallery_ids=\u00bb348,346,345,322,321,320,319,318,317,311,315,316,310,309,308,307,306,302&#8243; fullwidth=\u00bboff\u00bb orientation=\u00bblandscape\u00bb zoom_icon_color=\u00bb#233b81&#8243; hover_overlay_color=\u00bbrgba(255,255,255,0.9)\u00bb background_layout=\u00bblight\u00bb pagination_font_size_tablet=\u00bb51&#8243; pagination_line_height_tablet=\u00bb2&#8243; border_style=\u00bbsolid\u00bb \/][\/et_pb_column][\/et_pb_row][et_pb_row][et_pb_column type=\u00bb1_4&#8243;][\/et_pb_column][et_pb_column type=\u00bb1_4&#8243;][\/et_pb_column][et_pb_column type=\u00bb1_4&#8243;][et_pb_text _builder_version=\u00bb3.0.77&#8243; background_layout=\u00bblight\u00bb border_style=\u00bbsolid\u00bb]<\/p>\n<table style=\"width: 100%;\">\n<tbody>\n<tr>\n<th><a href=\"www.iplaz.chformacao.pt\/automovel\">[pt]<\/a><\/th>\n<th><a href=\"www.iplaz.chformacao.pt\/alimentar\">Alimentar<\/a><\/th>\n<th><a href=\"www.iplaz.chformacao.pt\/bobines\">Bobines<\/a><\/th>\n<th><a href=\"www.iplaz.chformacao.pt\/mobiliario\">Mobili\u00e1rio<\/a><\/th>\n<th><a href=\"www.iplaz.chformacao.pt\/utilitarios\">Utilit\u00e1rios<\/a><\/th>\n<\/tr>\n<tr>\n<td><a href=\"www.iplaz.chformacao.pt\/automovel\"><img decoding=\"async\" src=\"https:\/\/iplaz.pt\/wp-content\/uploads\/2017\/01\/NE5B0771-2.jpg\"><\/a><\/td>\n<td><a href=\"www.iplaz.chformacao.pt\/alimentar\"><img decoding=\"async\" src=\"https:\/\/iplaz.pt\/wp-content\/uploads\/2018\/01\/copo-plastico-01-1.png\"><\/a><\/td>\n<td><a href=\"www.iplaz.chformacao.pt\/bobines\"><img decoding=\"async\" src=\"https:\/\/iplaz.pt\/wp-content\/uploads\/2017\/01\/NE5B0753-1.jpg\"><\/a><\/td>\n<td><a href=\"www.iplaz.chformacao.pt\/mobiliario\"><img decoding=\"async\" src=\"https:\/\/iplaz.pt\/wp-content\/uploads\/2017\/01\/NE5B0794-1.jpg\"><\/a><\/td>\n<td><a href=\"www.iplaz.chformacao.pt\/utilitarios\"><img decoding=\"async\" src=\"https:\/\/iplaz.pt\/wp-content\/uploads\/2017\/01\/NE5B0719-1.jpg\"><\/a><\/td>\n<\/tr>\n<\/tbody>\n<\/table>\n<p>[\/et_pb_text][\/et_pb_column][et_pb_column type=\u00bb1_4&#8243;][\/et_pb_column][\/et_pb_row][\/et_pb_section]<\/p>","protected":false},"excerpt":{"rendered":"<p>Autom\u00f3vil AlimentarAlimentario BobinesBobinas Mobili\u00e1rioMuebles Utilit\u00e1riosUtilidades [\/et_pb_text][\/et_pb_column][et_pb_column type=\u00bb1_4&#8243;][\/et_pb_column][\/et_pb_row][\/et_pb_section][et_pb_section bb_built=\u00bb1&#8243;][et_pb_row][et_pb_column type=\u00bb4_4&#8243;][et_pb_gallery _builder_version=\u00bb3.0.77&#8243; show_title_and_caption=\u00bbon\u00bb show_pagination=\u00bbon\u00bb gallery_ids=\u00bb348,346,345,322,321,320,319,318,317,311,315,316,310,309,308,307,306,302&#8243; fullwidth=\u00bboff\u00bb orientation=\u00bblandscape\u00bb zoom_icon_color=\u00bb#233b81&#8243; hover_overlay_color=\u00bbrgba(255,255,255,0.9)\u00bb background_layout=\u00bblight\u00bb pagination_font_size_tablet=\u00bb51&#8243; pagination_line_height_tablet=\u00bb2&#8243; border_style=\u00bbsolid\u00bb \/][\/et_pb_column][\/et_pb_row][et_pb_row][et_pb_column type=\u00bb1_4&#8243;][\/et_pb_column][et_pb_column type=\u00bb1_4&#8243;][\/et_pb_column][et_pb_column type=\u00bb1_4&#8243;][et_pb_text _builder_version=\u00bb3.0.77&#8243; background_layout=\u00bblight\u00bb border_style=\u00bbsolid\u00bb] [pt] Alimentar Bobines Mobili\u00e1rio Utilit\u00e1rios [\/et_pb_text][\/et_pb_column][et_pb_column type=\u00bb1_4&#8243;][\/et_pb_column][\/et_pb_row][\/et_pb_section]<\/p>\n","protected":false},"author":4,"featured_media":0,"parent":0,"menu_order":0,"comment_status":"closed","ping_status":"closed","template":"","meta":{"_et_pb_use_builder":"on","_et_pb_old_content":"","footnotes":""},"class_list":["post-1099","page","type-page","status-publish","hentry"],"yoast_head":"<!-- This site is optimized with the Yoast SEO plugin v25.3.1 - https:\/\/yoast.com\/wordpress\/plugins\/seo\/ -->\n<title>Agricultura<\/title>\n<meta name=\"robots\" content=\"index, follow, max-snippet:-1, max-image-preview:large, max-video-preview:-1\" \/>\n<link rel=\"canonical\" href=\"https:\/\/iplaz.pt\/agricultura\/\" \/>\n<meta property=\"og:locale\" content=\"es_ES\" \/>\n<meta property=\"og:type\" content=\"article\" \/>\n<meta property=\"og:title\" content=\"Agricultura\" \/>\n<meta property=\"og:description\" content=\"Autom\u00f3vil AlimentarAlimentario BobinesBobinas Mobili\u00e1rioMuebles Utilit\u00e1riosUtilidades [\/et_pb_text][\/et_pb_column][et_pb_column type=\u00bb1_4&#8243;][\/et_pb_column][\/et_pb_row][\/et_pb_section][et_pb_section bb_built=\u00bb1&#8243;][et_pb_row][et_pb_column type=\u00bb4_4&#8243;][et_pb_gallery _builder_version=\u00bb3.0.77&#8243; show_title_and_caption=\u00bbon\u00bb show_pagination=\u00bbon\u00bb gallery_ids=\u00bb348,346,345,322,321,320,319,318,317,311,315,316,310,309,308,307,306,302&#8243; fullwidth=\u00bboff\u00bb orientation=\u00bblandscape\u00bb zoom_icon_color=\u00bb#233b81&#8243; hover_overlay_color=\u00bbrgba(255,255,255,0.9)\u00bb background_layout=\u00bblight\u00bb pagination_font_size_tablet=\u00bb51&#8243; pagination_line_height_tablet=\u00bb2&#8243; border_style=\u00bbsolid\u00bb \/][\/et_pb_column][\/et_pb_row][et_pb_row][et_pb_column type=\u00bb1_4&#8243;][\/et_pb_column][et_pb_column type=\u00bb1_4&#8243;][\/et_pb_column][et_pb_column type=\u00bb1_4&#8243;][et_pb_text _builder_version=\u00bb3.0.77&#8243; background_layout=\u00bblight\u00bb border_style=\u00bbsolid\u00bb] [pt] Alimentar Bobines Mobili\u00e1rio Utilit\u00e1rios [\/et_pb_text][\/et_pb_column][et_pb_column type=\u00bb1_4&#8243;][\/et_pb_column][\/et_pb_row][\/et_pb_section]\" \/>\n<meta property=\"og:url\" content=\"https:\/\/iplaz.pt\/agricultura\/\" \/>\n<meta property=\"og:site_name\" content=\"Iplaz\" \/>\n<meta property=\"article:publisher\" content=\"https:\/\/www.facebook.com\/iplazpt\/\" \/>\n<meta property=\"article:modified_time\" content=\"2025-06-11T20:20:21+00:00\" \/>\n<meta property=\"og:image\" content=\"https:\/\/iplaz.pt\/wp-content\/uploads\/2017\/01\/NE5B0771-2.jpg\" \/>\n<meta name=\"twitter:card\" content=\"summary_large_image\" \/>\n<meta name=\"twitter:label1\" content=\"Tiempo de lectura\" \/>\n\t<meta name=\"twitter:data1\" content=\"1 minuto\" \/>\n<script type=\"application\/ld+json\" class=\"yoast-schema-graph\">{\"@context\":\"https:\/\/schema.org\",\"@graph\":[{\"@type\":\"WebPage\",\"@id\":\"https:\/\/iplaz.pt\/agricultura\/\",\"url\":\"https:\/\/iplaz.pt\/agricultura\/\",\"name\":\"Agricultura\",\"isPartOf\":{\"@id\":\"https:\/\/iplaz.pt\/#website\"},\"primaryImageOfPage\":{\"@id\":\"https:\/\/iplaz.pt\/agricultura\/#primaryimage\"},\"image\":{\"@id\":\"https:\/\/iplaz.pt\/agricultura\/#primaryimage\"},\"thumbnailUrl\":\"https:\/\/iplaz.pt\/wp-content\/uploads\/2017\/01\/NE5B0771-2.jpg\",\"datePublished\":\"2017-09-28T09:10:53+00:00\",\"dateModified\":\"2025-06-11T20:20:21+00:00\",\"breadcrumb\":{\"@id\":\"https:\/\/iplaz.pt\/agricultura\/#breadcrumb\"},\"inLanguage\":\"es\",\"potentialAction\":[{\"@type\":\"ReadAction\",\"target\":[\"https:\/\/iplaz.pt\/agricultura\/\"]}]},{\"@type\":\"ImageObject\",\"inLanguage\":\"es\",\"@id\":\"https:\/\/iplaz.pt\/agricultura\/#primaryimage\",\"url\":\"https:\/\/iplaz.pt\/wp-content\/uploads\/2017\/01\/NE5B0771-2.jpg\",\"contentUrl\":\"https:\/\/iplaz.pt\/wp-content\/uploads\/2017\/01\/NE5B0771-2.jpg\"},{\"@type\":\"BreadcrumbList\",\"@id\":\"https:\/\/iplaz.pt\/agricultura\/#breadcrumb\",\"itemListElement\":[{\"@type\":\"ListItem\",\"position\":1,\"name\":\"In\u00edcio\",\"item\":\"https:\/\/iplaz.pt\/\"},{\"@type\":\"ListItem\",\"position\":2,\"name\":\"Agricultura\"}]},{\"@type\":\"WebSite\",\"@id\":\"https:\/\/iplaz.pt\/#website\",\"url\":\"https:\/\/iplaz.pt\/\",\"name\":\"Iplaz\",\"description\":\"Plastifica\u00e7\u00e3o\",\"potentialAction\":[{\"@type\":\"SearchAction\",\"target\":{\"@type\":\"EntryPoint\",\"urlTemplate\":\"https:\/\/iplaz.pt\/?s={search_term_string}\"},\"query-input\":{\"@type\":\"PropertyValueSpecification\",\"valueRequired\":true,\"valueName\":\"search_term_string\"}}],\"inLanguage\":\"es\"}]}<\/script>\n<!-- \/ Yoast SEO plugin. -->","yoast_head_json":{"title":"Agricultura","robots":{"index":"index","follow":"follow","max-snippet":"max-snippet:-1","max-image-preview":"max-image-preview:large","max-video-preview":"max-video-preview:-1"},"canonical":"https:\/\/iplaz.pt\/agricultura\/","og_locale":"es_ES","og_type":"article","og_title":"Agricultura","og_description":"Autom\u00f3vil AlimentarAlimentario BobinesBobinas Mobili\u00e1rioMuebles Utilit\u00e1riosUtilidades [\/et_pb_text][\/et_pb_column][et_pb_column type=\u00bb1_4&#8243;][\/et_pb_column][\/et_pb_row][\/et_pb_section][et_pb_section bb_built=\u00bb1&#8243;][et_pb_row][et_pb_column type=\u00bb4_4&#8243;][et_pb_gallery _builder_version=\u00bb3.0.77&#8243; show_title_and_caption=\u00bbon\u00bb show_pagination=\u00bbon\u00bb gallery_ids=\u00bb348,346,345,322,321,320,319,318,317,311,315,316,310,309,308,307,306,302&#8243; fullwidth=\u00bboff\u00bb orientation=\u00bblandscape\u00bb zoom_icon_color=\u00bb#233b81&#8243; hover_overlay_color=\u00bbrgba(255,255,255,0.9)\u00bb background_layout=\u00bblight\u00bb pagination_font_size_tablet=\u00bb51&#8243; pagination_line_height_tablet=\u00bb2&#8243; border_style=\u00bbsolid\u00bb \/][\/et_pb_column][\/et_pb_row][et_pb_row][et_pb_column type=\u00bb1_4&#8243;][\/et_pb_column][et_pb_column type=\u00bb1_4&#8243;][\/et_pb_column][et_pb_column type=\u00bb1_4&#8243;][et_pb_text _builder_version=\u00bb3.0.77&#8243; background_layout=\u00bblight\u00bb border_style=\u00bbsolid\u00bb] [pt] Alimentar Bobines Mobili\u00e1rio Utilit\u00e1rios [\/et_pb_text][\/et_pb_column][et_pb_column type=\u00bb1_4&#8243;][\/et_pb_column][\/et_pb_row][\/et_pb_section]","og_url":"https:\/\/iplaz.pt\/agricultura\/","og_site_name":"Iplaz","article_publisher":"https:\/\/www.facebook.com\/iplazpt\/","article_modified_time":"2025-06-11T20:20:21+00:00","og_image":[{"url":"https:\/\/iplaz.pt\/wp-content\/uploads\/2017\/01\/NE5B0771-2.jpg","type":"","width":"","height":""}],"twitter_card":"summary_large_image","twitter_misc":{"Tiempo de lectura":"1 minuto"},"schema":{"@context":"https:\/\/schema.org","@graph":[{"@type":"WebPage","@id":"https:\/\/iplaz.pt\/agricultura\/","url":"https:\/\/iplaz.pt\/agricultura\/","name":"Agricultura","isPartOf":{"@id":"https:\/\/iplaz.pt\/#website"},"primaryImageOfPage":{"@id":"https:\/\/iplaz.pt\/agricultura\/#primaryimage"},"image":{"@id":"https:\/\/iplaz.pt\/agricultura\/#primaryimage"},"thumbnailUrl":"https:\/\/iplaz.pt\/wp-content\/uploads\/2017\/01\/NE5B0771-2.jpg","datePublished":"2017-09-28T09:10:53+00:00","dateModified":"2025-06-11T20:20:21+00:00","breadcrumb":{"@id":"https:\/\/iplaz.pt\/agricultura\/#breadcrumb"},"inLanguage":"es","potentialAction":[{"@type":"ReadAction","target":["https:\/\/iplaz.pt\/agricultura\/"]}]},{"@type":"ImageObject","inLanguage":"es","@id":"https:\/\/iplaz.pt\/agricultura\/#primaryimage","url":"https:\/\/iplaz.pt\/wp-content\/uploads\/2017\/01\/NE5B0771-2.jpg","contentUrl":"https:\/\/iplaz.pt\/wp-content\/uploads\/2017\/01\/NE5B0771-2.jpg"},{"@type":"BreadcrumbList","@id":"https:\/\/iplaz.pt\/agricultura\/#breadcrumb","itemListElement":[{"@type":"ListItem","position":1,"name":"In\u00edcio","item":"https:\/\/iplaz.pt\/"},{"@type":"ListItem","position":2,"name":"Agricultura"}]},{"@type":"WebSite","@id":"https:\/\/iplaz.pt\/#website","url":"https:\/\/iplaz.pt\/","name":"Iplaz","description":"Plastifica\u00e7\u00e3o","potentialAction":[{"@type":"SearchAction","target":{"@type":"EntryPoint","urlTemplate":"https:\/\/iplaz.pt\/?s={search_term_string}"},"query-input":{"@type":"PropertyValueSpecification","valueRequired":true,"valueName":"search_term_string"}}],"inLanguage":"es"}]}},"_links":{"self":[{"href":"https:\/\/iplaz.pt\/es\/wp-json\/wp\/v2\/pages\/1099","targetHints":{"allow":["GET"]}}],"collection":[{"href":"https:\/\/iplaz.pt\/es\/wp-json\/wp\/v2\/pages"}],"about":[{"href":"https:\/\/iplaz.pt\/es\/wp-json\/wp\/v2\/types\/page"}],"author":[{"embeddable":true,"href":"https:\/\/iplaz.pt\/es\/wp-json\/wp\/v2\/users\/4"}],"replies":[{"embeddable":true,"href":"https:\/\/iplaz.pt\/es\/wp-json\/wp\/v2\/comments?post=1099"}],"version-history":[{"count":27,"href":"https:\/\/iplaz.pt\/es\/wp-json\/wp\/v2\/pages\/1099\/revisions"}],"predecessor-version":[{"id":1358,"href":"https:\/\/iplaz.pt\/es\/wp-json\/wp\/v2\/pages\/1099\/revisions\/1358"}],"wp:attachment":[{"href":"https:\/\/iplaz.pt\/es\/wp-json\/wp\/v2\/media?parent=1099"}],"curies":[{"name":"wp","href":"https:\/\/api.w.org\/{rel}","templated":true}]}}