{"id":1118,"date":"2017-09-28T10:22:47","date_gmt":"2017-09-28T10:22:47","guid":{"rendered":"http:\/\/iplaz.pt\/?page_id=1118"},"modified":"2025-06-11T20:20:00","modified_gmt":"2025-06-11T20:20:00","slug":"politica-de-gestao","status":"publish","type":"page","link":"https:\/\/iplaz.pt\/es\/politica-de-gestao\/","title":{"rendered":"Pol\u00edtica de Gesti\u00f3n"},"content":{"rendered":"<p>La direcci\u00f3n se compromete a todo el Sistema de Gesti\u00f3n de la Calidad y la Responsabilidad Social de las cuales forman parte de los requisitos del cliente, los requisitos reglamentarios y legales relacionados con el trabajo y la actividad, el Convenio y el C\u00f3digo de Conducta de la Organizaci\u00f3n Internacional del Trabajo, la Declaraci\u00f3n y los pactos internacionales de derechos humanos, la Convenci\u00f3n de las Naciones Unidas, y los requisitos de la norma SA 8000 y otras referencias normativas.<\/p>\n<p>O empiece tambi\u00e9n a aumentar la calidad continua.<br \/>\nEn este contexto, torna-se necesario establecer y mantener un programa de calidad y responsabilidad social planeado y desarrollado con una participaci\u00f3n de todos:<\/p>\n<p>O empiece tambi\u00e9n a aumentar la calidad continua.<br \/>\nEn este contexto, torna-se necesario establecer y mantener un programa de calidad y responsabilidad social planeado y desarrollado con una participaci\u00f3n de todos:<\/p>\n<p>&nbsp;<\/p>\n<p>[\/et_pb_text][\/et_pb_column][\/et_pb_row][\/et_pb_section]<\/p>","protected":false},"excerpt":{"rendered":"<p>La direcci\u00f3n se compromete a todo el Sistema de Gesti\u00f3n de la Calidad y la Responsabilidad Social de las cuales forman parte de los requisitos del cliente, los requisitos reglamentarios y legales relacionados con el trabajo y la actividad, el Convenio y el C\u00f3digo de Conducta de la Organizaci\u00f3n Internacional del Trabajo, la Declaraci\u00f3n y [&hellip;]<\/p>\n","protected":false},"author":4,"featured_media":0,"parent":0,"menu_order":0,"comment_status":"closed","ping_status":"closed","template":"","meta":{"_et_pb_use_builder":"on","_et_pb_old_content":"","footnotes":""},"class_list":["post-1118","page","type-page","status-publish","hentry"],"yoast_head":"<!-- This site is optimized with the Yoast SEO plugin v25.3.1 - https:\/\/yoast.com\/wordpress\/plugins\/seo\/ -->\n<title>Pol\u00edtica de Gest\u00e3o<\/title>\n<meta name=\"robots\" content=\"index, follow, max-snippet:-1, max-image-preview:large, max-video-preview:-1\" \/>\n<link rel=\"canonical\" href=\"https:\/\/iplaz.pt\/politica-de-gestao\/\" \/>\n<meta property=\"og:locale\" content=\"es_ES\" \/>\n<meta property=\"og:type\" content=\"article\" \/>\n<meta property=\"og:title\" content=\"Pol\u00edtica de Gest\u00e3o\" \/>\n<meta property=\"og:description\" content=\"La direcci\u00f3n se compromete a todo el Sistema de Gesti\u00f3n de la Calidad y la Responsabilidad Social de las cuales forman parte de los requisitos del cliente, los requisitos reglamentarios y legales relacionados con el trabajo y la actividad, el Convenio y el C\u00f3digo de Conducta de la Organizaci\u00f3n Internacional del Trabajo, la Declaraci\u00f3n y [&hellip;]\" \/>\n<meta property=\"og:url\" content=\"https:\/\/iplaz.pt\/politica-de-gestao\/\" \/>\n<meta property=\"og:site_name\" content=\"Iplaz\" \/>\n<meta property=\"article:publisher\" content=\"https:\/\/www.facebook.com\/iplazpt\/\" \/>\n<meta property=\"article:modified_time\" content=\"2025-06-11T20:20:00+00:00\" \/>\n<meta name=\"twitter:card\" content=\"summary_large_image\" \/>\n<meta name=\"twitter:label1\" content=\"Tiempo de lectura\" \/>\n\t<meta name=\"twitter:data1\" content=\"3 minutos\" \/>\n<script type=\"application\/ld+json\" class=\"yoast-schema-graph\">{\"@context\":\"https:\/\/schema.org\",\"@graph\":[{\"@type\":\"WebPage\",\"@id\":\"https:\/\/iplaz.pt\/politica-de-gestao\/\",\"url\":\"https:\/\/iplaz.pt\/politica-de-gestao\/\",\"name\":\"Pol\u00edtica de Gest\u00e3o\",\"isPartOf\":{\"@id\":\"https:\/\/iplaz.pt\/#website\"},\"datePublished\":\"2017-09-28T10:22:47+00:00\",\"dateModified\":\"2025-06-11T20:20:00+00:00\",\"breadcrumb\":{\"@id\":\"https:\/\/iplaz.pt\/politica-de-gestao\/#breadcrumb\"},\"inLanguage\":\"es\",\"potentialAction\":[{\"@type\":\"ReadAction\",\"target\":[\"https:\/\/iplaz.pt\/politica-de-gestao\/\"]}]},{\"@type\":\"BreadcrumbList\",\"@id\":\"https:\/\/iplaz.pt\/politica-de-gestao\/#breadcrumb\",\"itemListElement\":[{\"@type\":\"ListItem\",\"position\":1,\"name\":\"In\u00edcio\",\"item\":\"https:\/\/iplaz.pt\/\"},{\"@type\":\"ListItem\",\"position\":2,\"name\":\"Pol\u00edtica de Gest\u00e3o\"}]},{\"@type\":\"WebSite\",\"@id\":\"https:\/\/iplaz.pt\/#website\",\"url\":\"https:\/\/iplaz.pt\/\",\"name\":\"Iplaz\",\"description\":\"Plastifica\u00e7\u00e3o\",\"potentialAction\":[{\"@type\":\"SearchAction\",\"target\":{\"@type\":\"EntryPoint\",\"urlTemplate\":\"https:\/\/iplaz.pt\/?s={search_term_string}\"},\"query-input\":{\"@type\":\"PropertyValueSpecification\",\"valueRequired\":true,\"valueName\":\"search_term_string\"}}],\"inLanguage\":\"es\"}]}<\/script>\n<!-- \/ Yoast SEO plugin. -->","yoast_head_json":{"title":"Pol\u00edtica de Gest\u00e3o","robots":{"index":"index","follow":"follow","max-snippet":"max-snippet:-1","max-image-preview":"max-image-preview:large","max-video-preview":"max-video-preview:-1"},"canonical":"https:\/\/iplaz.pt\/politica-de-gestao\/","og_locale":"es_ES","og_type":"article","og_title":"Pol\u00edtica de Gest\u00e3o","og_description":"La direcci\u00f3n se compromete a todo el Sistema de Gesti\u00f3n de la Calidad y la Responsabilidad Social de las cuales forman parte de los requisitos del cliente, los requisitos reglamentarios y legales relacionados con el trabajo y la actividad, el Convenio y el C\u00f3digo de Conducta de la Organizaci\u00f3n Internacional del Trabajo, la Declaraci\u00f3n y [&hellip;]","og_url":"https:\/\/iplaz.pt\/politica-de-gestao\/","og_site_name":"Iplaz","article_publisher":"https:\/\/www.facebook.com\/iplazpt\/","article_modified_time":"2025-06-11T20:20:00+00:00","twitter_card":"summary_large_image","twitter_misc":{"Tiempo de lectura":"3 minutos"},"schema":{"@context":"https:\/\/schema.org","@graph":[{"@type":"WebPage","@id":"https:\/\/iplaz.pt\/politica-de-gestao\/","url":"https:\/\/iplaz.pt\/politica-de-gestao\/","name":"Pol\u00edtica de Gest\u00e3o","isPartOf":{"@id":"https:\/\/iplaz.pt\/#website"},"datePublished":"2017-09-28T10:22:47+00:00","dateModified":"2025-06-11T20:20:00+00:00","breadcrumb":{"@id":"https:\/\/iplaz.pt\/politica-de-gestao\/#breadcrumb"},"inLanguage":"es","potentialAction":[{"@type":"ReadAction","target":["https:\/\/iplaz.pt\/politica-de-gestao\/"]}]},{"@type":"BreadcrumbList","@id":"https:\/\/iplaz.pt\/politica-de-gestao\/#breadcrumb","itemListElement":[{"@type":"ListItem","position":1,"name":"In\u00edcio","item":"https:\/\/iplaz.pt\/"},{"@type":"ListItem","position":2,"name":"Pol\u00edtica de Gest\u00e3o"}]},{"@type":"WebSite","@id":"https:\/\/iplaz.pt\/#website","url":"https:\/\/iplaz.pt\/","name":"Iplaz","description":"Plastifica\u00e7\u00e3o","potentialAction":[{"@type":"SearchAction","target":{"@type":"EntryPoint","urlTemplate":"https:\/\/iplaz.pt\/?s={search_term_string}"},"query-input":{"@type":"PropertyValueSpecification","valueRequired":true,"valueName":"search_term_string"}}],"inLanguage":"es"}]}},"_links":{"self":[{"href":"https:\/\/iplaz.pt\/es\/wp-json\/wp\/v2\/pages\/1118","targetHints":{"allow":["GET"]}}],"collection":[{"href":"https:\/\/iplaz.pt\/es\/wp-json\/wp\/v2\/pages"}],"about":[{"href":"https:\/\/iplaz.pt\/es\/wp-json\/wp\/v2\/types\/page"}],"author":[{"embeddable":true,"href":"https:\/\/iplaz.pt\/es\/wp-json\/wp\/v2\/users\/4"}],"replies":[{"embeddable":true,"href":"https:\/\/iplaz.pt\/es\/wp-json\/wp\/v2\/comments?post=1118"}],"version-history":[{"count":6,"href":"https:\/\/iplaz.pt\/es\/wp-json\/wp\/v2\/pages\/1118\/revisions"}],"predecessor-version":[{"id":1450,"href":"https:\/\/iplaz.pt\/es\/wp-json\/wp\/v2\/pages\/1118\/revisions\/1450"}],"wp:attachment":[{"href":"https:\/\/iplaz.pt\/es\/wp-json\/wp\/v2\/media?parent=1118"}],"curies":[{"name":"wp","href":"https:\/\/api.w.org\/{rel}","templated":true}]}}